{"id":706,"date":"2017-10-20T14:08:02","date_gmt":"2017-10-20T14:08:02","guid":{"rendered":"http:\/\/1.forteairolo.ch\/wordpress\/museo\/"},"modified":"2018-01-24T14:36:20","modified_gmt":"2018-01-24T14:36:20","slug":"museo","status":"publish","type":"page","link":"https:\/\/forteairolo.ch\/de\/museo\/","title":{"rendered":"Festungsmuseum"},"content":{"rendered":"<p><strong>Festungsmuseum<\/strong><\/p>\n<p>1989 wurde mit dem 50. Jahrestag der Mobilmachung und den 100 Jahren der ersten Festungs-Truppen-Kurse in Airolo ein kleines Museum eingeweiht, dank der Energie und dem Willen des damaligen Kommandanten der Festungsartilleriekompanie 24, Oberst Arnoldo Moriggia. Das Museum, das heute etwa die H\u00e4lfte der Festung besetzt, wurde in mehreren Etappen erweitert.<\/p>\n<p>&nbsp;<\/p>\n<p><strong>Was ist im Museum zu sehen?<\/strong><\/p>\n<p>Zuerst die Architektur der Festung mit ihrem Labyrinth von Tunnels und Kasematten. Es ist ein wahres Meisterwerk der milit\u00e4rischen Architektur. Das Dach zum Beispiel wurde vollst\u00e4ndig mit Granitbl\u00f6cken aus Lavorgo gedeckt und ist eine Hommage an die bemerkenswerten Steinmetzarbeiten dieser Zeit. Das Fort Airolo ist sicher eine der am besten erhaltenen Festung dieser Art in Europa.<\/p>\n<p><strong>\u00a0<\/strong>Zudem ist die urspr\u00fcngliche Bewaffnung noch vorhanden, bestehend aus Kanonen, T\u00fcrmen, Beobachtungsposten. Mehrere R\u00e4ume zeigen Waffen, die w\u00e4hrend der verschiedenen Stadien der Modernisierung installiert wurden, wie Maschinengewehre, Flugabwehrkanonen usw.<\/p>\n<p>Es ist aber auch m\u00f6glich, Elemente des t\u00e4glichen Lebens der Garnison zu sehen, wie zum Beispiel das Geschirr der Offizierskantine. Die Festung war f\u00fcr seine Zeit modern und bereits mit Elektrizit\u00e4t ausgestattet. Sie war vollkommen autonom und hatte sogar eine eigene B\u00e4ckerei!<\/p>\n<p>Zus\u00e4tzlich kann eine umfangreiche Dokumentation \u00fcber die Festung des Gotthard und seine Entwicklung besichtigt werden.<\/p>\n<p><img loading=\"lazy\" decoding=\"async\" class=\"alignnone size-full wp-image-551\" src=\"https:\/\/forteairolo.ch\/wp-content\/uploads\/2017\/11\/Piano_neu_1_tforte.jpg\" alt=\"\" width=\"1590\" height=\"921\" srcset=\"https:\/\/forteairolo.ch\/wp-content\/uploads\/2017\/11\/Piano_neu_1_tforte.jpg 1590w, https:\/\/forteairolo.ch\/wp-content\/uploads\/2017\/11\/Piano_neu_1_tforte-300x174.jpg 300w, https:\/\/forteairolo.ch\/wp-content\/uploads\/2017\/11\/Piano_neu_1_tforte-768x445.jpg 768w, https:\/\/forteairolo.ch\/wp-content\/uploads\/2017\/11\/Piano_neu_1_tforte-1024x593.jpg 1024w, https:\/\/forteairolo.ch\/wp-content\/uploads\/2017\/11\/Piano_neu_1_tforte-830x481.jpg 830w, https:\/\/forteairolo.ch\/wp-content\/uploads\/2017\/11\/Piano_neu_1_tforte-230x133.jpg 230w, https:\/\/forteairolo.ch\/wp-content\/uploads\/2017\/11\/Piano_neu_1_tforte-350x203.jpg 350w, https:\/\/forteairolo.ch\/wp-content\/uploads\/2017\/11\/Piano_neu_1_tforte-480x278.jpg 480w\" sizes=\"auto, (max-width: 1590px) 100vw, 1590px\" \/><\/p>\n","protected":false},"excerpt":{"rendered":"<p>Festungsmuseum 1989 wurde mit dem 50. Jahrestag der Mobilmachung und den 100 Jahren der ersten Festungs-Truppen-Kurse in Airolo ein kleines Museum eingeweiht, [&hellip;]<\/p>\n","protected":false},"author":1,"featured_media":0,"parent":0,"menu_order":0,"comment_status":"closed","ping_status":"closed","template":"page-templates\/page_fullwidth.php","meta":{"footnotes":""},"class_list":["post-706","page","type-page","status-publish","hentry"],"yoast_head":"<!-- This site is optimized with the Yoast SEO plugin v24.5 - https:\/\/yoast.com\/wordpress\/plugins\/seo\/ -->\n<title>Festungsmuseum - Forte Airolo<\/title>\n<meta name=\"robots\" content=\"index, follow, max-snippet:-1, max-image-preview:large, max-video-preview:-1\" \/>\n<link rel=\"canonical\" href=\"https:\/\/forteairolo.ch\/de\/museo\/\" \/>\n<meta property=\"og:locale\" content=\"de_DE\" \/>\n<meta property=\"og:type\" content=\"article\" \/>\n<meta property=\"og:title\" content=\"Festungsmuseum - Forte Airolo\" \/>\n<meta property=\"og:description\" content=\"Festungsmuseum 1989 wurde mit dem 50. Jahrestag der Mobilmachung und den 100 Jahren der ersten Festungs-Truppen-Kurse in Airolo ein kleines Museum eingeweiht, [&hellip;]\" \/>\n<meta property=\"og:url\" content=\"https:\/\/forteairolo.ch\/de\/museo\/\" \/>\n<meta property=\"og:site_name\" content=\"Forte Airolo\" \/>\n<meta property=\"article:modified_time\" content=\"2018-01-24T14:36:20+00:00\" \/>\n<meta property=\"og:image\" content=\"https:\/\/forteairolo.ch\/wp-content\/uploads\/2017\/11\/Piano_neu_1_tforte.jpg\" \/>\n\t<meta property=\"og:image:width\" content=\"1590\" \/>\n\t<meta property=\"og:image:height\" content=\"921\" \/>\n\t<meta property=\"og:image:type\" content=\"image\/jpeg\" \/>\n<meta name=\"twitter:card\" content=\"summary_large_image\" \/>\n<meta name=\"twitter:label1\" content=\"Gesch\u00e4tzte Lesezeit\" \/>\n\t<meta name=\"twitter:data1\" content=\"1\u00a0Minute\" \/>\n<script type=\"application\/ld+json\" class=\"yoast-schema-graph\">{\"@context\":\"https:\/\/schema.org\",\"@graph\":[{\"@type\":\"WebPage\",\"@id\":\"https:\/\/forteairolo.ch\/de\/museo\/\",\"url\":\"https:\/\/forteairolo.ch\/de\/museo\/\",\"name\":\"Festungsmuseum - Forte Airolo\",\"isPartOf\":{\"@id\":\"https:\/\/forteairolo.ch\/#website\"},\"primaryImageOfPage\":{\"@id\":\"https:\/\/forteairolo.ch\/de\/museo\/#primaryimage\"},\"image\":{\"@id\":\"https:\/\/forteairolo.ch\/de\/museo\/#primaryimage\"},\"thumbnailUrl\":\"https:\/\/forteairolo.ch\/wp-content\/uploads\/2017\/11\/Piano_neu_1_tforte.jpg\",\"datePublished\":\"2017-10-20T14:08:02+00:00\",\"dateModified\":\"2018-01-24T14:36:20+00:00\",\"breadcrumb\":{\"@id\":\"https:\/\/forteairolo.ch\/de\/museo\/#breadcrumb\"},\"inLanguage\":\"de\",\"potentialAction\":[{\"@type\":\"ReadAction\",\"target\":[\"https:\/\/forteairolo.ch\/de\/museo\/\"]}]},{\"@type\":\"ImageObject\",\"inLanguage\":\"de\",\"@id\":\"https:\/\/forteairolo.ch\/de\/museo\/#primaryimage\",\"url\":\"https:\/\/forteairolo.ch\/wp-content\/uploads\/2017\/11\/Piano_neu_1_tforte.jpg\",\"contentUrl\":\"https:\/\/forteairolo.ch\/wp-content\/uploads\/2017\/11\/Piano_neu_1_tforte.jpg\"},{\"@type\":\"BreadcrumbList\",\"@id\":\"https:\/\/forteairolo.ch\/de\/museo\/#breadcrumb\",\"itemListElement\":[{\"@type\":\"ListItem\",\"position\":1,\"name\":\"Home\",\"item\":\"https:\/\/forteairolo.ch\/de\/\"},{\"@type\":\"ListItem\",\"position\":2,\"name\":\"Festungsmuseum\"}]},{\"@type\":\"WebSite\",\"@id\":\"https:\/\/forteairolo.ch\/#website\",\"url\":\"https:\/\/forteairolo.ch\/\",\"name\":\"Forte Airolo\",\"description\":\"\",\"potentialAction\":[{\"@type\":\"SearchAction\",\"target\":{\"@type\":\"EntryPoint\",\"urlTemplate\":\"https:\/\/forteairolo.ch\/?s={search_term_string}\"},\"query-input\":{\"@type\":\"PropertyValueSpecification\",\"valueRequired\":true,\"valueName\":\"search_term_string\"}}],\"inLanguage\":\"de\"}]}<\/script>\n<!-- \/ Yoast SEO plugin. -->","yoast_head_json":{"title":"Festungsmuseum - Forte Airolo","robots":{"index":"index","follow":"follow","max-snippet":"max-snippet:-1","max-image-preview":"max-image-preview:large","max-video-preview":"max-video-preview:-1"},"canonical":"https:\/\/forteairolo.ch\/de\/museo\/","og_locale":"de_DE","og_type":"article","og_title":"Festungsmuseum - Forte Airolo","og_description":"Festungsmuseum 1989 wurde mit dem 50. Jahrestag der Mobilmachung und den 100 Jahren der ersten Festungs-Truppen-Kurse in Airolo ein kleines Museum eingeweiht, [&hellip;]","og_url":"https:\/\/forteairolo.ch\/de\/museo\/","og_site_name":"Forte Airolo","article_modified_time":"2018-01-24T14:36:20+00:00","og_image":[{"width":1590,"height":921,"url":"https:\/\/forteairolo.ch\/wp-content\/uploads\/2017\/11\/Piano_neu_1_tforte.jpg","type":"image\/jpeg"}],"twitter_card":"summary_large_image","twitter_misc":{"Gesch\u00e4tzte Lesezeit":"1\u00a0Minute"},"schema":{"@context":"https:\/\/schema.org","@graph":[{"@type":"WebPage","@id":"https:\/\/forteairolo.ch\/de\/museo\/","url":"https:\/\/forteairolo.ch\/de\/museo\/","name":"Festungsmuseum - Forte Airolo","isPartOf":{"@id":"https:\/\/forteairolo.ch\/#website"},"primaryImageOfPage":{"@id":"https:\/\/forteairolo.ch\/de\/museo\/#primaryimage"},"image":{"@id":"https:\/\/forteairolo.ch\/de\/museo\/#primaryimage"},"thumbnailUrl":"https:\/\/forteairolo.ch\/wp-content\/uploads\/2017\/11\/Piano_neu_1_tforte.jpg","datePublished":"2017-10-20T14:08:02+00:00","dateModified":"2018-01-24T14:36:20+00:00","breadcrumb":{"@id":"https:\/\/forteairolo.ch\/de\/museo\/#breadcrumb"},"inLanguage":"de","potentialAction":[{"@type":"ReadAction","target":["https:\/\/forteairolo.ch\/de\/museo\/"]}]},{"@type":"ImageObject","inLanguage":"de","@id":"https:\/\/forteairolo.ch\/de\/museo\/#primaryimage","url":"https:\/\/forteairolo.ch\/wp-content\/uploads\/2017\/11\/Piano_neu_1_tforte.jpg","contentUrl":"https:\/\/forteairolo.ch\/wp-content\/uploads\/2017\/11\/Piano_neu_1_tforte.jpg"},{"@type":"BreadcrumbList","@id":"https:\/\/forteairolo.ch\/de\/museo\/#breadcrumb","itemListElement":[{"@type":"ListItem","position":1,"name":"Home","item":"https:\/\/forteairolo.ch\/de\/"},{"@type":"ListItem","position":2,"name":"Festungsmuseum"}]},{"@type":"WebSite","@id":"https:\/\/forteairolo.ch\/#website","url":"https:\/\/forteairolo.ch\/","name":"Forte Airolo","description":"","potentialAction":[{"@type":"SearchAction","target":{"@type":"EntryPoint","urlTemplate":"https:\/\/forteairolo.ch\/?s={search_term_string}"},"query-input":{"@type":"PropertyValueSpecification","valueRequired":true,"valueName":"search_term_string"}}],"inLanguage":"de"}]}},"_links":{"self":[{"href":"https:\/\/forteairolo.ch\/de\/wp-json\/wp\/v2\/pages\/706","targetHints":{"allow":["GET"]}}],"collection":[{"href":"https:\/\/forteairolo.ch\/de\/wp-json\/wp\/v2\/pages"}],"about":[{"href":"https:\/\/forteairolo.ch\/de\/wp-json\/wp\/v2\/types\/page"}],"author":[{"embeddable":true,"href":"https:\/\/forteairolo.ch\/de\/wp-json\/wp\/v2\/users\/1"}],"replies":[{"embeddable":true,"href":"https:\/\/forteairolo.ch\/de\/wp-json\/wp\/v2\/comments?post=706"}],"version-history":[{"count":3,"href":"https:\/\/forteairolo.ch\/de\/wp-json\/wp\/v2\/pages\/706\/revisions"}],"predecessor-version":[{"id":709,"href":"https:\/\/forteairolo.ch\/de\/wp-json\/wp\/v2\/pages\/706\/revisions\/709"}],"wp:attachment":[{"href":"https:\/\/forteairolo.ch\/de\/wp-json\/wp\/v2\/media?parent=706"}],"curies":[{"name":"wp","href":"https:\/\/api.w.org\/{rel}","templated":true}]}}