{"id":714,"date":"2017-10-23T09:43:43","date_gmt":"2017-10-23T09:43:43","guid":{"rendered":"http:\/\/1.forteairolo.ch\/wordpress\/storia-2\/"},"modified":"2018-03-01T09:24:36","modified_gmt":"2018-03-01T09:24:36","slug":"storia-2","status":"publish","type":"page","link":"https:\/\/forteairolo.ch\/de\/storia-2\/","title":{"rendered":"Geschichte"},"content":{"rendered":"<p><strong>Geschichte<\/strong><\/p>\n<p>Die Festung hatte die Aufgabe, den 1882 er\u00f6ffneten Gotthardtunnel, die Gotthardstrasse und die Strasse ins Val Bedretto zu sch\u00fctzen.<\/p>\n<p>Im selben Jahr unterzeichnete Italien einen Pakt, der als &#8222;Triple&#8220; mit dem germanischen und \u00f6sterreichisch-ungarischen Reich bekannt war. Diese Vereinbarung, die eindeutig milit\u00e4risch gegen Frankreich in einem Europa der jungen Nationen gerichtet war, d\u00fcrfte den Krieg in die Schweiz zur\u00fcckbringen, wie in den Jahren 1798-99 mit der Suvorow-Armee im Tessin.<\/p>\n<p>Die Eidgenossenschaft beschliesst daher, das S\u00fcdportal des Gotthardtunnels zu befestigen.<\/p>\n<p>Der Tunnel k\u00f6nnte im Falle eines franz\u00f6sischen Angriffs eine wichtige Kommunikations- und Transportachse zwischen Italien und Deutschland werden. Die Eisenbahn ist auch wichtig, um Bundestruppen in den S\u00fcden zu bewegen, im Falle eines Versuches von Italien das Tessin zu annektieren.<\/p>\n<p>Nach vielen Diskussionen und Projekten begann schlie\u00dflich der Bau der Festung 1886.<\/p>\n<p>Mehrere hundert Arbeiter erbauten die Festung. Der Bau dauerte bis 1890, aber schon 1889 wurden die ersten Schulungen f\u00fcr die Festungstruppen abgehalten. Die Festung Airolo, die im ersten und zweiten Weltkonflikt aktiv war, blieb bis 1946 die Wiege dieser Truppen. Beim Hauptturm bestand die Erstbewaffnung aus zwei 12 cm Ringrohrkanonen Modell 1882, diese feuerten mehr als 30.000 Sch\u00fcsse als Ausbildungszweck!<\/p>\n<p>&nbsp;<\/p>\n<figure id=\"attachment_527\" aria-describedby=\"caption-attachment-527\" style=\"width: 1000px\" class=\"wp-caption alignnone\"><img loading=\"lazy\" decoding=\"async\" class=\"size-full wp-image-527\" src=\"https:\/\/forteairolo.ch\/wp-content\/uploads\/2017\/11\/8_kl-1.jpg\" alt=\"\" width=\"1000\" height=\"635\" srcset=\"https:\/\/forteairolo.ch\/wp-content\/uploads\/2017\/11\/8_kl-1.jpg 1000w, https:\/\/forteairolo.ch\/wp-content\/uploads\/2017\/11\/8_kl-1-300x191.jpg 300w, https:\/\/forteairolo.ch\/wp-content\/uploads\/2017\/11\/8_kl-1-768x488.jpg 768w, https:\/\/forteairolo.ch\/wp-content\/uploads\/2017\/11\/8_kl-1-830x527.jpg 830w, https:\/\/forteairolo.ch\/wp-content\/uploads\/2017\/11\/8_kl-1-230x146.jpg 230w, https:\/\/forteairolo.ch\/wp-content\/uploads\/2017\/11\/8_kl-1-350x222.jpg 350w, https:\/\/forteairolo.ch\/wp-content\/uploads\/2017\/11\/8_kl-1-480x305.jpg 480w\" sizes=\"auto, (max-width: 1000px) 100vw, 1000px\" \/><figcaption id=\"caption-attachment-527\" class=\"wp-caption-text\">Personal des Befestigungsbureau<\/figcaption><\/figure>\n","protected":false},"excerpt":{"rendered":"<p>Geschichte Die Festung hatte die Aufgabe, den 1882 er\u00f6ffneten Gotthardtunnel, die Gotthardstrasse und die Strasse ins Val Bedretto zu sch\u00fctzen. Im selben [&hellip;]<\/p>\n","protected":false},"author":1,"featured_media":0,"parent":0,"menu_order":0,"comment_status":"closed","ping_status":"closed","template":"page-templates\/page_fullwidth.php","meta":{"footnotes":""},"class_list":["post-714","page","type-page","status-publish","hentry"],"yoast_head":"<!-- This site is optimized with the Yoast SEO plugin v24.5 - https:\/\/yoast.com\/wordpress\/plugins\/seo\/ -->\n<title>Geschichte - Forte Airolo<\/title>\n<meta name=\"robots\" content=\"index, follow, max-snippet:-1, max-image-preview:large, max-video-preview:-1\" \/>\n<link rel=\"canonical\" href=\"https:\/\/forteairolo.ch\/de\/storia-2\/\" \/>\n<meta property=\"og:locale\" content=\"de_DE\" \/>\n<meta property=\"og:type\" content=\"article\" \/>\n<meta property=\"og:title\" content=\"Geschichte - Forte Airolo\" \/>\n<meta property=\"og:description\" content=\"Geschichte Die Festung hatte die Aufgabe, den 1882 er\u00f6ffneten Gotthardtunnel, die Gotthardstrasse und die Strasse ins Val Bedretto zu sch\u00fctzen. Im selben [&hellip;]\" \/>\n<meta property=\"og:url\" content=\"https:\/\/forteairolo.ch\/de\/storia-2\/\" \/>\n<meta property=\"og:site_name\" content=\"Forte Airolo\" \/>\n<meta property=\"article:modified_time\" content=\"2018-03-01T09:24:36+00:00\" \/>\n<meta property=\"og:image\" content=\"https:\/\/forteairolo.ch\/wp-content\/uploads\/2017\/11\/8_kl-1.jpg\" \/>\n\t<meta property=\"og:image:width\" content=\"1000\" \/>\n\t<meta property=\"og:image:height\" content=\"635\" \/>\n\t<meta property=\"og:image:type\" content=\"image\/jpeg\" \/>\n<meta name=\"twitter:card\" content=\"summary_large_image\" \/>\n<meta name=\"twitter:label1\" content=\"Gesch\u00e4tzte Lesezeit\" \/>\n\t<meta name=\"twitter:data1\" content=\"1\u00a0Minute\" \/>\n<script type=\"application\/ld+json\" class=\"yoast-schema-graph\">{\"@context\":\"https:\/\/schema.org\",\"@graph\":[{\"@type\":\"WebPage\",\"@id\":\"https:\/\/forteairolo.ch\/de\/storia-2\/\",\"url\":\"https:\/\/forteairolo.ch\/de\/storia-2\/\",\"name\":\"Geschichte - Forte Airolo\",\"isPartOf\":{\"@id\":\"https:\/\/forteairolo.ch\/#website\"},\"primaryImageOfPage\":{\"@id\":\"https:\/\/forteairolo.ch\/de\/storia-2\/#primaryimage\"},\"image\":{\"@id\":\"https:\/\/forteairolo.ch\/de\/storia-2\/#primaryimage\"},\"thumbnailUrl\":\"https:\/\/forteairolo.ch\/wp-content\/uploads\/2017\/11\/8_kl-1.jpg\",\"datePublished\":\"2017-10-23T09:43:43+00:00\",\"dateModified\":\"2018-03-01T09:24:36+00:00\",\"breadcrumb\":{\"@id\":\"https:\/\/forteairolo.ch\/de\/storia-2\/#breadcrumb\"},\"inLanguage\":\"de\",\"potentialAction\":[{\"@type\":\"ReadAction\",\"target\":[\"https:\/\/forteairolo.ch\/de\/storia-2\/\"]}]},{\"@type\":\"ImageObject\",\"inLanguage\":\"de\",\"@id\":\"https:\/\/forteairolo.ch\/de\/storia-2\/#primaryimage\",\"url\":\"https:\/\/forteairolo.ch\/wp-content\/uploads\/2017\/11\/8_kl-1.jpg\",\"contentUrl\":\"https:\/\/forteairolo.ch\/wp-content\/uploads\/2017\/11\/8_kl-1.jpg\"},{\"@type\":\"BreadcrumbList\",\"@id\":\"https:\/\/forteairolo.ch\/de\/storia-2\/#breadcrumb\",\"itemListElement\":[{\"@type\":\"ListItem\",\"position\":1,\"name\":\"Home\",\"item\":\"https:\/\/forteairolo.ch\/de\/\"},{\"@type\":\"ListItem\",\"position\":2,\"name\":\"Geschichte\"}]},{\"@type\":\"WebSite\",\"@id\":\"https:\/\/forteairolo.ch\/#website\",\"url\":\"https:\/\/forteairolo.ch\/\",\"name\":\"Forte Airolo\",\"description\":\"\",\"potentialAction\":[{\"@type\":\"SearchAction\",\"target\":{\"@type\":\"EntryPoint\",\"urlTemplate\":\"https:\/\/forteairolo.ch\/?s={search_term_string}\"},\"query-input\":{\"@type\":\"PropertyValueSpecification\",\"valueRequired\":true,\"valueName\":\"search_term_string\"}}],\"inLanguage\":\"de\"}]}<\/script>\n<!-- \/ Yoast SEO plugin. -->","yoast_head_json":{"title":"Geschichte - Forte Airolo","robots":{"index":"index","follow":"follow","max-snippet":"max-snippet:-1","max-image-preview":"max-image-preview:large","max-video-preview":"max-video-preview:-1"},"canonical":"https:\/\/forteairolo.ch\/de\/storia-2\/","og_locale":"de_DE","og_type":"article","og_title":"Geschichte - Forte Airolo","og_description":"Geschichte Die Festung hatte die Aufgabe, den 1882 er\u00f6ffneten Gotthardtunnel, die Gotthardstrasse und die Strasse ins Val Bedretto zu sch\u00fctzen. Im selben [&hellip;]","og_url":"https:\/\/forteairolo.ch\/de\/storia-2\/","og_site_name":"Forte Airolo","article_modified_time":"2018-03-01T09:24:36+00:00","og_image":[{"width":1000,"height":635,"url":"https:\/\/forteairolo.ch\/wp-content\/uploads\/2017\/11\/8_kl-1.jpg","type":"image\/jpeg"}],"twitter_card":"summary_large_image","twitter_misc":{"Gesch\u00e4tzte Lesezeit":"1\u00a0Minute"},"schema":{"@context":"https:\/\/schema.org","@graph":[{"@type":"WebPage","@id":"https:\/\/forteairolo.ch\/de\/storia-2\/","url":"https:\/\/forteairolo.ch\/de\/storia-2\/","name":"Geschichte - Forte Airolo","isPartOf":{"@id":"https:\/\/forteairolo.ch\/#website"},"primaryImageOfPage":{"@id":"https:\/\/forteairolo.ch\/de\/storia-2\/#primaryimage"},"image":{"@id":"https:\/\/forteairolo.ch\/de\/storia-2\/#primaryimage"},"thumbnailUrl":"https:\/\/forteairolo.ch\/wp-content\/uploads\/2017\/11\/8_kl-1.jpg","datePublished":"2017-10-23T09:43:43+00:00","dateModified":"2018-03-01T09:24:36+00:00","breadcrumb":{"@id":"https:\/\/forteairolo.ch\/de\/storia-2\/#breadcrumb"},"inLanguage":"de","potentialAction":[{"@type":"ReadAction","target":["https:\/\/forteairolo.ch\/de\/storia-2\/"]}]},{"@type":"ImageObject","inLanguage":"de","@id":"https:\/\/forteairolo.ch\/de\/storia-2\/#primaryimage","url":"https:\/\/forteairolo.ch\/wp-content\/uploads\/2017\/11\/8_kl-1.jpg","contentUrl":"https:\/\/forteairolo.ch\/wp-content\/uploads\/2017\/11\/8_kl-1.jpg"},{"@type":"BreadcrumbList","@id":"https:\/\/forteairolo.ch\/de\/storia-2\/#breadcrumb","itemListElement":[{"@type":"ListItem","position":1,"name":"Home","item":"https:\/\/forteairolo.ch\/de\/"},{"@type":"ListItem","position":2,"name":"Geschichte"}]},{"@type":"WebSite","@id":"https:\/\/forteairolo.ch\/#website","url":"https:\/\/forteairolo.ch\/","name":"Forte Airolo","description":"","potentialAction":[{"@type":"SearchAction","target":{"@type":"EntryPoint","urlTemplate":"https:\/\/forteairolo.ch\/?s={search_term_string}"},"query-input":{"@type":"PropertyValueSpecification","valueRequired":true,"valueName":"search_term_string"}}],"inLanguage":"de"}]}},"_links":{"self":[{"href":"https:\/\/forteairolo.ch\/de\/wp-json\/wp\/v2\/pages\/714","targetHints":{"allow":["GET"]}}],"collection":[{"href":"https:\/\/forteairolo.ch\/de\/wp-json\/wp\/v2\/pages"}],"about":[{"href":"https:\/\/forteairolo.ch\/de\/wp-json\/wp\/v2\/types\/page"}],"author":[{"embeddable":true,"href":"https:\/\/forteairolo.ch\/de\/wp-json\/wp\/v2\/users\/1"}],"replies":[{"embeddable":true,"href":"https:\/\/forteairolo.ch\/de\/wp-json\/wp\/v2\/comments?post=714"}],"version-history":[{"count":3,"href":"https:\/\/forteairolo.ch\/de\/wp-json\/wp\/v2\/pages\/714\/revisions"}],"predecessor-version":[{"id":1502,"href":"https:\/\/forteairolo.ch\/de\/wp-json\/wp\/v2\/pages\/714\/revisions\/1502"}],"wp:attachment":[{"href":"https:\/\/forteairolo.ch\/de\/wp-json\/wp\/v2\/media?parent=714"}],"curies":[{"name":"wp","href":"https:\/\/api.w.org\/{rel}","templated":true}]}}