{"id":724,"date":"2017-10-20T14:09:34","date_gmt":"2017-10-20T14:09:34","guid":{"rendered":"http:\/\/1.forteairolo.ch\/wordpress\/orari\/"},"modified":"2024-03-04T08:53:19","modified_gmt":"2024-03-04T08:53:19","slug":"orari","status":"publish","type":"page","link":"https:\/\/forteairolo.ch\/de\/orari\/","title":{"rendered":"Preise und \u00d6ffnungszeiten"},"content":{"rendered":"<p><strong>Gruppen<\/strong><br \/>\n<strong>Erwachsene \/ AHV \/ Studenten \/ Milit\u00e4r<\/strong><\/p>\n<p>Gef\u00fchrte F\u00fchrung (Minimum Fr. 100.-)<br \/>\nPreis pro Person: Erwachsene Fr. 10.-, AHV \/ Studenten \/ Milit\u00e4r Fr. 7.-<\/p>\n<p><strong>Schulen &lt; 15 Jahren<\/strong><br \/>\nGef\u00fchrte F\u00fchrung (Minimum Fr. 70.-)<br \/>\nPreis pro Person: Erwachsene Fr. 10.-, Kind Fr. 5.-<\/p>\n<p><strong>Gef\u00fchrte Besichtigungen jeden ersten Samstag im Monat<\/strong><br \/>\n<strong>vom Juni \u2013 Oktober um 13.30 und 15.00 Uhr<\/strong><br \/>\nErwachsene Fr. 10.\u2013<br \/>\nAHV, Studenten Fr, 7.\u2013<br \/>\nKinder &lt; 15 J. Fr. 5.\u2013forteairolo.ch\/\u2026\/Forte-Airolo_Anmeldeformular.<\/p>\n<p>Dauer der F\u00fchrung\u00a0ca. 60-90 Minuten<\/p>\n<p>F\u00fcr Gruppen und Schulen sind Besichtigungen auf Anfrage ganzj\u00e4hrig m\u00f6glich, es besteht auch die M\u00f6glichkeit das Blockhaus beim Eingang des Tunnels zu besichtigen oder die Festung Foppa Grande zu besichtigen.<\/p>\n<p>F\u00fcr Ausk\u00fcnfte:<br \/>\nTel +41 (0) 79 794 32 92, Mail forteairolo(at)gmail.com<br \/>\noder<br \/>\nOrganizzazione Turistica Regionale Bellinzonese e Alto Ticino<br \/>\nVia della Stazione 22, CH-6780 Airolo<br \/>\nTel +41 (0) 91 869 15 33<\/p>\n<p>Anmeldeformular zum herunterladen<\/p>\n<p><a tabindex=\"-1\" href=\"http:\/\/forteairolo.ch\/wp-content\/uploads\/2024\/03\/Forte-Airolo_Anmeldeformular_DE.pdf\" target=\"_blank\" rel=\"noopener\">forteairolo.ch\/\u2026\/Forte-Airolo_Anmeldeformular_DE.p<\/a><\/p>\n","protected":false},"excerpt":{"rendered":"<p>Gruppen Erwachsene \/ AHV \/ Studenten \/ Milit\u00e4r Gef\u00fchrte F\u00fchrung (Minimum Fr. 100.-) Preis pro Person: Erwachsene Fr. 10.-, AHV \/ Studenten [&hellip;]<\/p>\n","protected":false},"author":1,"featured_media":0,"parent":0,"menu_order":0,"comment_status":"closed","ping_status":"closed","template":"page-templates\/page_fullwidth.php","meta":{"footnotes":""},"class_list":["post-724","page","type-page","status-publish","hentry"],"yoast_head":"<!-- This site is optimized with the Yoast SEO plugin v24.5 - https:\/\/yoast.com\/wordpress\/plugins\/seo\/ -->\n<title>Preise und \u00d6ffnungszeiten - Forte Airolo<\/title>\n<meta name=\"robots\" content=\"index, follow, max-snippet:-1, max-image-preview:large, max-video-preview:-1\" \/>\n<link rel=\"canonical\" href=\"https:\/\/forteairolo.ch\/de\/orari\/\" \/>\n<meta property=\"og:locale\" content=\"de_DE\" \/>\n<meta property=\"og:type\" content=\"article\" \/>\n<meta property=\"og:title\" content=\"Preise und \u00d6ffnungszeiten - Forte Airolo\" \/>\n<meta property=\"og:description\" content=\"Gruppen Erwachsene \/ AHV \/ Studenten \/ Milit\u00e4r Gef\u00fchrte F\u00fchrung (Minimum Fr. 100.-) Preis pro Person: Erwachsene Fr. 10.-, AHV \/ Studenten [&hellip;]\" \/>\n<meta property=\"og:url\" content=\"https:\/\/forteairolo.ch\/de\/orari\/\" \/>\n<meta property=\"og:site_name\" content=\"Forte Airolo\" \/>\n<meta property=\"article:modified_time\" content=\"2024-03-04T08:53:19+00:00\" \/>\n<meta name=\"twitter:card\" content=\"summary_large_image\" \/>\n<meta name=\"twitter:label1\" content=\"Gesch\u00e4tzte Lesezeit\" \/>\n\t<meta name=\"twitter:data1\" content=\"1\u00a0Minute\" \/>\n<script type=\"application\/ld+json\" class=\"yoast-schema-graph\">{\"@context\":\"https:\/\/schema.org\",\"@graph\":[{\"@type\":\"WebPage\",\"@id\":\"https:\/\/forteairolo.ch\/de\/orari\/\",\"url\":\"https:\/\/forteairolo.ch\/de\/orari\/\",\"name\":\"Preise und \u00d6ffnungszeiten - Forte Airolo\",\"isPartOf\":{\"@id\":\"https:\/\/forteairolo.ch\/#website\"},\"datePublished\":\"2017-10-20T14:09:34+00:00\",\"dateModified\":\"2024-03-04T08:53:19+00:00\",\"breadcrumb\":{\"@id\":\"https:\/\/forteairolo.ch\/de\/orari\/#breadcrumb\"},\"inLanguage\":\"de\",\"potentialAction\":[{\"@type\":\"ReadAction\",\"target\":[\"https:\/\/forteairolo.ch\/de\/orari\/\"]}]},{\"@type\":\"BreadcrumbList\",\"@id\":\"https:\/\/forteairolo.ch\/de\/orari\/#breadcrumb\",\"itemListElement\":[{\"@type\":\"ListItem\",\"position\":1,\"name\":\"Home\",\"item\":\"https:\/\/forteairolo.ch\/de\/\"},{\"@type\":\"ListItem\",\"position\":2,\"name\":\"Preise und \u00d6ffnungszeiten\"}]},{\"@type\":\"WebSite\",\"@id\":\"https:\/\/forteairolo.ch\/#website\",\"url\":\"https:\/\/forteairolo.ch\/\",\"name\":\"Forte Airolo\",\"description\":\"\",\"potentialAction\":[{\"@type\":\"SearchAction\",\"target\":{\"@type\":\"EntryPoint\",\"urlTemplate\":\"https:\/\/forteairolo.ch\/?s={search_term_string}\"},\"query-input\":{\"@type\":\"PropertyValueSpecification\",\"valueRequired\":true,\"valueName\":\"search_term_string\"}}],\"inLanguage\":\"de\"}]}<\/script>\n<!-- \/ Yoast SEO plugin. -->","yoast_head_json":{"title":"Preise und \u00d6ffnungszeiten - Forte Airolo","robots":{"index":"index","follow":"follow","max-snippet":"max-snippet:-1","max-image-preview":"max-image-preview:large","max-video-preview":"max-video-preview:-1"},"canonical":"https:\/\/forteairolo.ch\/de\/orari\/","og_locale":"de_DE","og_type":"article","og_title":"Preise und \u00d6ffnungszeiten - Forte Airolo","og_description":"Gruppen Erwachsene \/ AHV \/ Studenten \/ Milit\u00e4r Gef\u00fchrte F\u00fchrung (Minimum Fr. 100.-) Preis pro Person: Erwachsene Fr. 10.-, AHV \/ Studenten [&hellip;]","og_url":"https:\/\/forteairolo.ch\/de\/orari\/","og_site_name":"Forte Airolo","article_modified_time":"2024-03-04T08:53:19+00:00","twitter_card":"summary_large_image","twitter_misc":{"Gesch\u00e4tzte Lesezeit":"1\u00a0Minute"},"schema":{"@context":"https:\/\/schema.org","@graph":[{"@type":"WebPage","@id":"https:\/\/forteairolo.ch\/de\/orari\/","url":"https:\/\/forteairolo.ch\/de\/orari\/","name":"Preise und \u00d6ffnungszeiten - Forte Airolo","isPartOf":{"@id":"https:\/\/forteairolo.ch\/#website"},"datePublished":"2017-10-20T14:09:34+00:00","dateModified":"2024-03-04T08:53:19+00:00","breadcrumb":{"@id":"https:\/\/forteairolo.ch\/de\/orari\/#breadcrumb"},"inLanguage":"de","potentialAction":[{"@type":"ReadAction","target":["https:\/\/forteairolo.ch\/de\/orari\/"]}]},{"@type":"BreadcrumbList","@id":"https:\/\/forteairolo.ch\/de\/orari\/#breadcrumb","itemListElement":[{"@type":"ListItem","position":1,"name":"Home","item":"https:\/\/forteairolo.ch\/de\/"},{"@type":"ListItem","position":2,"name":"Preise und \u00d6ffnungszeiten"}]},{"@type":"WebSite","@id":"https:\/\/forteairolo.ch\/#website","url":"https:\/\/forteairolo.ch\/","name":"Forte Airolo","description":"","potentialAction":[{"@type":"SearchAction","target":{"@type":"EntryPoint","urlTemplate":"https:\/\/forteairolo.ch\/?s={search_term_string}"},"query-input":{"@type":"PropertyValueSpecification","valueRequired":true,"valueName":"search_term_string"}}],"inLanguage":"de"}]}},"_links":{"self":[{"href":"https:\/\/forteairolo.ch\/de\/wp-json\/wp\/v2\/pages\/724","targetHints":{"allow":["GET"]}}],"collection":[{"href":"https:\/\/forteairolo.ch\/de\/wp-json\/wp\/v2\/pages"}],"about":[{"href":"https:\/\/forteairolo.ch\/de\/wp-json\/wp\/v2\/types\/page"}],"author":[{"embeddable":true,"href":"https:\/\/forteairolo.ch\/de\/wp-json\/wp\/v2\/users\/1"}],"replies":[{"embeddable":true,"href":"https:\/\/forteairolo.ch\/de\/wp-json\/wp\/v2\/comments?post=724"}],"version-history":[{"count":8,"href":"https:\/\/forteairolo.ch\/de\/wp-json\/wp\/v2\/pages\/724\/revisions"}],"predecessor-version":[{"id":1809,"href":"https:\/\/forteairolo.ch\/de\/wp-json\/wp\/v2\/pages\/724\/revisions\/1809"}],"wp:attachment":[{"href":"https:\/\/forteairolo.ch\/de\/wp-json\/wp\/v2\/media?parent=724"}],"curies":[{"name":"wp","href":"https:\/\/api.w.org\/{rel}","templated":true}]}}