{"id":758,"date":"2017-10-20T14:08:38","date_gmt":"2017-10-20T14:08:38","guid":{"rendered":"http:\/\/1.forteairolo.ch\/wordpress\/storia\/"},"modified":"2018-01-25T10:29:38","modified_gmt":"2018-01-25T10:29:38","slug":"storia","status":"publish","type":"page","link":"https:\/\/forteairolo.ch\/de\/storia\/","title":{"rendered":"Vereinigung"},"content":{"rendered":"<p><strong>Vereinigung Freunde des Forte Airolo<\/strong><\/p>\n<p>1991 wurde die Vereinigung \u00abFreunde des Forte Airolo\u00bb geschaffen mit dem Ziel:<\/p>\n<ul>\n<li>\u00a0Schutz und Erhalt des Fort Airolo als nationales Denkmal der Festungsbaukunst<\/li>\n<li>ergreifen und f\u00f6rdern von Initiativen die den Erhalt vergangener milit\u00e4rischer und geographischer Zeugen der Region und des Forts zum Ziel haben<\/li>\n<li>Zusammenarbeit mit anderen Institutionen, die \u00e4hnliche Ziele verfolgen<\/li>\n<li>Verwalten und Leiten der st\u00e4ndigen Ausstellung im Forte Airolo, in enger Zusammenarbeit mit Verantwortlichen des Eidgen\u00f6ssischen Milit\u00e4rdepartement (EMD heute VBS), die im Gebiet des Waffenplatzes Airolo stationiert sind.<\/li>\n<\/ul>\n<p>&nbsp;<\/p>\n<p>&nbsp;<\/p>\n","protected":false},"excerpt":{"rendered":"<p>Vereinigung Freunde des Forte Airolo 1991 wurde die Vereinigung \u00abFreunde des Forte Airolo\u00bb geschaffen mit dem Ziel: \u00a0Schutz und Erhalt des Fort [&hellip;]<\/p>\n","protected":false},"author":1,"featured_media":0,"parent":0,"menu_order":0,"comment_status":"closed","ping_status":"closed","template":"page-templates\/page_fullwidth.php","meta":{"footnotes":""},"class_list":["post-758","page","type-page","status-publish","hentry"],"yoast_head":"<!-- This site is optimized with the Yoast SEO plugin v24.5 - https:\/\/yoast.com\/wordpress\/plugins\/seo\/ -->\n<title>Vereinigung - Forte Airolo<\/title>\n<meta name=\"robots\" content=\"index, follow, max-snippet:-1, max-image-preview:large, max-video-preview:-1\" \/>\n<link rel=\"canonical\" href=\"https:\/\/forteairolo.ch\/de\/storia\/\" \/>\n<meta property=\"og:locale\" content=\"de_DE\" \/>\n<meta property=\"og:type\" content=\"article\" \/>\n<meta property=\"og:title\" content=\"Vereinigung - Forte Airolo\" \/>\n<meta property=\"og:description\" content=\"Vereinigung Freunde des Forte Airolo 1991 wurde die Vereinigung \u00abFreunde des Forte Airolo\u00bb geschaffen mit dem Ziel: \u00a0Schutz und Erhalt des Fort [&hellip;]\" \/>\n<meta property=\"og:url\" content=\"https:\/\/forteairolo.ch\/de\/storia\/\" \/>\n<meta property=\"og:site_name\" content=\"Forte Airolo\" \/>\n<meta property=\"article:modified_time\" content=\"2018-01-25T10:29:38+00:00\" \/>\n<meta name=\"twitter:card\" content=\"summary_large_image\" \/>\n<script type=\"application\/ld+json\" class=\"yoast-schema-graph\">{\"@context\":\"https:\/\/schema.org\",\"@graph\":[{\"@type\":\"WebPage\",\"@id\":\"https:\/\/forteairolo.ch\/de\/storia\/\",\"url\":\"https:\/\/forteairolo.ch\/de\/storia\/\",\"name\":\"Vereinigung - Forte Airolo\",\"isPartOf\":{\"@id\":\"https:\/\/forteairolo.ch\/#website\"},\"datePublished\":\"2017-10-20T14:08:38+00:00\",\"dateModified\":\"2018-01-25T10:29:38+00:00\",\"breadcrumb\":{\"@id\":\"https:\/\/forteairolo.ch\/de\/storia\/#breadcrumb\"},\"inLanguage\":\"de\",\"potentialAction\":[{\"@type\":\"ReadAction\",\"target\":[\"https:\/\/forteairolo.ch\/de\/storia\/\"]}]},{\"@type\":\"BreadcrumbList\",\"@id\":\"https:\/\/forteairolo.ch\/de\/storia\/#breadcrumb\",\"itemListElement\":[{\"@type\":\"ListItem\",\"position\":1,\"name\":\"Home\",\"item\":\"https:\/\/forteairolo.ch\/de\/\"},{\"@type\":\"ListItem\",\"position\":2,\"name\":\"Vereinigung\"}]},{\"@type\":\"WebSite\",\"@id\":\"https:\/\/forteairolo.ch\/#website\",\"url\":\"https:\/\/forteairolo.ch\/\",\"name\":\"Forte Airolo\",\"description\":\"\",\"potentialAction\":[{\"@type\":\"SearchAction\",\"target\":{\"@type\":\"EntryPoint\",\"urlTemplate\":\"https:\/\/forteairolo.ch\/?s={search_term_string}\"},\"query-input\":{\"@type\":\"PropertyValueSpecification\",\"valueRequired\":true,\"valueName\":\"search_term_string\"}}],\"inLanguage\":\"de\"}]}<\/script>\n<!-- \/ Yoast SEO plugin. -->","yoast_head_json":{"title":"Vereinigung - Forte Airolo","robots":{"index":"index","follow":"follow","max-snippet":"max-snippet:-1","max-image-preview":"max-image-preview:large","max-video-preview":"max-video-preview:-1"},"canonical":"https:\/\/forteairolo.ch\/de\/storia\/","og_locale":"de_DE","og_type":"article","og_title":"Vereinigung - Forte Airolo","og_description":"Vereinigung Freunde des Forte Airolo 1991 wurde die Vereinigung \u00abFreunde des Forte Airolo\u00bb geschaffen mit dem Ziel: \u00a0Schutz und Erhalt des Fort [&hellip;]","og_url":"https:\/\/forteairolo.ch\/de\/storia\/","og_site_name":"Forte Airolo","article_modified_time":"2018-01-25T10:29:38+00:00","twitter_card":"summary_large_image","schema":{"@context":"https:\/\/schema.org","@graph":[{"@type":"WebPage","@id":"https:\/\/forteairolo.ch\/de\/storia\/","url":"https:\/\/forteairolo.ch\/de\/storia\/","name":"Vereinigung - Forte Airolo","isPartOf":{"@id":"https:\/\/forteairolo.ch\/#website"},"datePublished":"2017-10-20T14:08:38+00:00","dateModified":"2018-01-25T10:29:38+00:00","breadcrumb":{"@id":"https:\/\/forteairolo.ch\/de\/storia\/#breadcrumb"},"inLanguage":"de","potentialAction":[{"@type":"ReadAction","target":["https:\/\/forteairolo.ch\/de\/storia\/"]}]},{"@type":"BreadcrumbList","@id":"https:\/\/forteairolo.ch\/de\/storia\/#breadcrumb","itemListElement":[{"@type":"ListItem","position":1,"name":"Home","item":"https:\/\/forteairolo.ch\/de\/"},{"@type":"ListItem","position":2,"name":"Vereinigung"}]},{"@type":"WebSite","@id":"https:\/\/forteairolo.ch\/#website","url":"https:\/\/forteairolo.ch\/","name":"Forte Airolo","description":"","potentialAction":[{"@type":"SearchAction","target":{"@type":"EntryPoint","urlTemplate":"https:\/\/forteairolo.ch\/?s={search_term_string}"},"query-input":{"@type":"PropertyValueSpecification","valueRequired":true,"valueName":"search_term_string"}}],"inLanguage":"de"}]}},"_links":{"self":[{"href":"https:\/\/forteairolo.ch\/de\/wp-json\/wp\/v2\/pages\/758","targetHints":{"allow":["GET"]}}],"collection":[{"href":"https:\/\/forteairolo.ch\/de\/wp-json\/wp\/v2\/pages"}],"about":[{"href":"https:\/\/forteairolo.ch\/de\/wp-json\/wp\/v2\/types\/page"}],"author":[{"embeddable":true,"href":"https:\/\/forteairolo.ch\/de\/wp-json\/wp\/v2\/users\/1"}],"replies":[{"embeddable":true,"href":"https:\/\/forteairolo.ch\/de\/wp-json\/wp\/v2\/comments?post=758"}],"version-history":[{"count":3,"href":"https:\/\/forteairolo.ch\/de\/wp-json\/wp\/v2\/pages\/758\/revisions"}],"predecessor-version":[{"id":791,"href":"https:\/\/forteairolo.ch\/de\/wp-json\/wp\/v2\/pages\/758\/revisions\/791"}],"wp:attachment":[{"href":"https:\/\/forteairolo.ch\/de\/wp-json\/wp\/v2\/media?parent=758"}],"curies":[{"name":"wp","href":"https:\/\/api.w.org\/{rel}","templated":true}]}}