{"id":809,"date":"2017-10-20T14:11:20","date_gmt":"2017-10-20T14:11:20","guid":{"rendered":"http:\/\/1.forteairolo.ch\/wordpress\/come-arrivare\/"},"modified":"2018-03-29T15:20:51","modified_gmt":"2018-03-29T15:20:51","slug":"come-arrivare","status":"publish","type":"page","link":"https:\/\/forteairolo.ch\/de\/come-arrivare\/","title":{"rendered":"Anfahrt"},"content":{"rendered":"<p><strong>Wie erreiche ich die Festung<\/strong><\/p>\n<p>Die Festung Airolo befindet sich auf dem Waffenplatz Airolo, 5 Autominuten vom SBB-Bahnhof oder ca. 30 Minuten zu Fu\u00df; W\u00e4hrend der Sommersaison k\u00f6nnen sie bequem ab Bahnhof mit dem Postauto fahren.<\/p>\n<p><img loading=\"lazy\" decoding=\"async\" class=\"alignnone size-full wp-image-377\" src=\"https:\/\/forteairolo.ch\/wp-content\/uploads\/2017\/10\/CARTINA_1zu1.jpg\" alt=\"\" width=\"1000\" height=\"579\" srcset=\"https:\/\/forteairolo.ch\/wp-content\/uploads\/2017\/10\/CARTINA_1zu1.jpg 1000w, https:\/\/forteairolo.ch\/wp-content\/uploads\/2017\/10\/CARTINA_1zu1-300x174.jpg 300w, https:\/\/forteairolo.ch\/wp-content\/uploads\/2017\/10\/CARTINA_1zu1-768x445.jpg 768w, https:\/\/forteairolo.ch\/wp-content\/uploads\/2017\/10\/CARTINA_1zu1-830x481.jpg 830w, https:\/\/forteairolo.ch\/wp-content\/uploads\/2017\/10\/CARTINA_1zu1-230x133.jpg 230w, https:\/\/forteairolo.ch\/wp-content\/uploads\/2017\/10\/CARTINA_1zu1-350x203.jpg 350w, https:\/\/forteairolo.ch\/wp-content\/uploads\/2017\/10\/CARTINA_1zu1-480x278.jpg 480w\" sizes=\"auto, (max-width: 1000px) 100vw, 1000px\" \/><\/p>\n","protected":false},"excerpt":{"rendered":"<p>Wie erreiche ich die Festung Die Festung Airolo befindet sich auf dem Waffenplatz Airolo, 5 Autominuten vom SBB-Bahnhof oder ca. 30 Minuten [&hellip;]<\/p>\n","protected":false},"author":1,"featured_media":0,"parent":0,"menu_order":0,"comment_status":"closed","ping_status":"closed","template":"page-templates\/page_fullwidth.php","meta":{"footnotes":""},"class_list":["post-809","page","type-page","status-publish","hentry"],"yoast_head":"<!-- This site is optimized with the Yoast SEO plugin v24.5 - https:\/\/yoast.com\/wordpress\/plugins\/seo\/ -->\n<title>Anfahrt - Forte Airolo<\/title>\n<meta name=\"robots\" content=\"index, follow, max-snippet:-1, max-image-preview:large, max-video-preview:-1\" \/>\n<link rel=\"canonical\" href=\"https:\/\/forteairolo.ch\/de\/come-arrivare\/\" \/>\n<meta property=\"og:locale\" content=\"de_DE\" \/>\n<meta property=\"og:type\" content=\"article\" \/>\n<meta property=\"og:title\" content=\"Anfahrt - Forte Airolo\" \/>\n<meta property=\"og:description\" content=\"Wie erreiche ich die Festung Die Festung Airolo befindet sich auf dem Waffenplatz Airolo, 5 Autominuten vom SBB-Bahnhof oder ca. 30 Minuten [&hellip;]\" \/>\n<meta property=\"og:url\" content=\"https:\/\/forteairolo.ch\/de\/come-arrivare\/\" \/>\n<meta property=\"og:site_name\" content=\"Forte Airolo\" \/>\n<meta property=\"article:modified_time\" content=\"2018-03-29T15:20:51+00:00\" \/>\n<meta property=\"og:image\" content=\"https:\/\/forteairolo.ch\/wp-content\/uploads\/2017\/10\/CARTINA_1zu1.jpg\" \/>\n\t<meta property=\"og:image:width\" content=\"1000\" \/>\n\t<meta property=\"og:image:height\" content=\"579\" \/>\n\t<meta property=\"og:image:type\" content=\"image\/jpeg\" \/>\n<meta name=\"twitter:card\" content=\"summary_large_image\" \/>\n<script type=\"application\/ld+json\" class=\"yoast-schema-graph\">{\"@context\":\"https:\/\/schema.org\",\"@graph\":[{\"@type\":\"WebPage\",\"@id\":\"https:\/\/forteairolo.ch\/de\/come-arrivare\/\",\"url\":\"https:\/\/forteairolo.ch\/de\/come-arrivare\/\",\"name\":\"Anfahrt - Forte Airolo\",\"isPartOf\":{\"@id\":\"https:\/\/forteairolo.ch\/#website\"},\"primaryImageOfPage\":{\"@id\":\"https:\/\/forteairolo.ch\/de\/come-arrivare\/#primaryimage\"},\"image\":{\"@id\":\"https:\/\/forteairolo.ch\/de\/come-arrivare\/#primaryimage\"},\"thumbnailUrl\":\"https:\/\/forteairolo.ch\/wp-content\/uploads\/2017\/10\/CARTINA_1zu1.jpg\",\"datePublished\":\"2017-10-20T14:11:20+00:00\",\"dateModified\":\"2018-03-29T15:20:51+00:00\",\"breadcrumb\":{\"@id\":\"https:\/\/forteairolo.ch\/de\/come-arrivare\/#breadcrumb\"},\"inLanguage\":\"de\",\"potentialAction\":[{\"@type\":\"ReadAction\",\"target\":[\"https:\/\/forteairolo.ch\/de\/come-arrivare\/\"]}]},{\"@type\":\"ImageObject\",\"inLanguage\":\"de\",\"@id\":\"https:\/\/forteairolo.ch\/de\/come-arrivare\/#primaryimage\",\"url\":\"https:\/\/forteairolo.ch\/wp-content\/uploads\/2017\/10\/CARTINA_1zu1.jpg\",\"contentUrl\":\"https:\/\/forteairolo.ch\/wp-content\/uploads\/2017\/10\/CARTINA_1zu1.jpg\"},{\"@type\":\"BreadcrumbList\",\"@id\":\"https:\/\/forteairolo.ch\/de\/come-arrivare\/#breadcrumb\",\"itemListElement\":[{\"@type\":\"ListItem\",\"position\":1,\"name\":\"Home\",\"item\":\"https:\/\/forteairolo.ch\/de\/\"},{\"@type\":\"ListItem\",\"position\":2,\"name\":\"Anfahrt\"}]},{\"@type\":\"WebSite\",\"@id\":\"https:\/\/forteairolo.ch\/#website\",\"url\":\"https:\/\/forteairolo.ch\/\",\"name\":\"Forte Airolo\",\"description\":\"\",\"potentialAction\":[{\"@type\":\"SearchAction\",\"target\":{\"@type\":\"EntryPoint\",\"urlTemplate\":\"https:\/\/forteairolo.ch\/?s={search_term_string}\"},\"query-input\":{\"@type\":\"PropertyValueSpecification\",\"valueRequired\":true,\"valueName\":\"search_term_string\"}}],\"inLanguage\":\"de\"}]}<\/script>\n<!-- \/ Yoast SEO plugin. -->","yoast_head_json":{"title":"Anfahrt - Forte Airolo","robots":{"index":"index","follow":"follow","max-snippet":"max-snippet:-1","max-image-preview":"max-image-preview:large","max-video-preview":"max-video-preview:-1"},"canonical":"https:\/\/forteairolo.ch\/de\/come-arrivare\/","og_locale":"de_DE","og_type":"article","og_title":"Anfahrt - Forte Airolo","og_description":"Wie erreiche ich die Festung Die Festung Airolo befindet sich auf dem Waffenplatz Airolo, 5 Autominuten vom SBB-Bahnhof oder ca. 30 Minuten [&hellip;]","og_url":"https:\/\/forteairolo.ch\/de\/come-arrivare\/","og_site_name":"Forte Airolo","article_modified_time":"2018-03-29T15:20:51+00:00","og_image":[{"width":1000,"height":579,"url":"https:\/\/forteairolo.ch\/wp-content\/uploads\/2017\/10\/CARTINA_1zu1.jpg","type":"image\/jpeg"}],"twitter_card":"summary_large_image","schema":{"@context":"https:\/\/schema.org","@graph":[{"@type":"WebPage","@id":"https:\/\/forteairolo.ch\/de\/come-arrivare\/","url":"https:\/\/forteairolo.ch\/de\/come-arrivare\/","name":"Anfahrt - Forte Airolo","isPartOf":{"@id":"https:\/\/forteairolo.ch\/#website"},"primaryImageOfPage":{"@id":"https:\/\/forteairolo.ch\/de\/come-arrivare\/#primaryimage"},"image":{"@id":"https:\/\/forteairolo.ch\/de\/come-arrivare\/#primaryimage"},"thumbnailUrl":"https:\/\/forteairolo.ch\/wp-content\/uploads\/2017\/10\/CARTINA_1zu1.jpg","datePublished":"2017-10-20T14:11:20+00:00","dateModified":"2018-03-29T15:20:51+00:00","breadcrumb":{"@id":"https:\/\/forteairolo.ch\/de\/come-arrivare\/#breadcrumb"},"inLanguage":"de","potentialAction":[{"@type":"ReadAction","target":["https:\/\/forteairolo.ch\/de\/come-arrivare\/"]}]},{"@type":"ImageObject","inLanguage":"de","@id":"https:\/\/forteairolo.ch\/de\/come-arrivare\/#primaryimage","url":"https:\/\/forteairolo.ch\/wp-content\/uploads\/2017\/10\/CARTINA_1zu1.jpg","contentUrl":"https:\/\/forteairolo.ch\/wp-content\/uploads\/2017\/10\/CARTINA_1zu1.jpg"},{"@type":"BreadcrumbList","@id":"https:\/\/forteairolo.ch\/de\/come-arrivare\/#breadcrumb","itemListElement":[{"@type":"ListItem","position":1,"name":"Home","item":"https:\/\/forteairolo.ch\/de\/"},{"@type":"ListItem","position":2,"name":"Anfahrt"}]},{"@type":"WebSite","@id":"https:\/\/forteairolo.ch\/#website","url":"https:\/\/forteairolo.ch\/","name":"Forte Airolo","description":"","potentialAction":[{"@type":"SearchAction","target":{"@type":"EntryPoint","urlTemplate":"https:\/\/forteairolo.ch\/?s={search_term_string}"},"query-input":{"@type":"PropertyValueSpecification","valueRequired":true,"valueName":"search_term_string"}}],"inLanguage":"de"}]}},"_links":{"self":[{"href":"https:\/\/forteairolo.ch\/de\/wp-json\/wp\/v2\/pages\/809","targetHints":{"allow":["GET"]}}],"collection":[{"href":"https:\/\/forteairolo.ch\/de\/wp-json\/wp\/v2\/pages"}],"about":[{"href":"https:\/\/forteairolo.ch\/de\/wp-json\/wp\/v2\/types\/page"}],"author":[{"embeddable":true,"href":"https:\/\/forteairolo.ch\/de\/wp-json\/wp\/v2\/users\/1"}],"replies":[{"embeddable":true,"href":"https:\/\/forteairolo.ch\/de\/wp-json\/wp\/v2\/comments?post=809"}],"version-history":[{"count":1,"href":"https:\/\/forteairolo.ch\/de\/wp-json\/wp\/v2\/pages\/809\/revisions"}],"predecessor-version":[{"id":810,"href":"https:\/\/forteairolo.ch\/de\/wp-json\/wp\/v2\/pages\/809\/revisions\/810"}],"wp:attachment":[{"href":"https:\/\/forteairolo.ch\/de\/wp-json\/wp\/v2\/media?parent=809"}],"curies":[{"name":"wp","href":"https:\/\/api.w.org\/{rel}","templated":true}]}}