{"id":836,"date":"2018-01-09T17:19:24","date_gmt":"2018-01-09T17:19:24","guid":{"rendered":"http:\/\/1.forteairolo.ch\/wordpress\/vino\/"},"modified":"2021-05-13T09:38:00","modified_gmt":"2021-05-13T09:38:00","slug":"vino","status":"publish","type":"page","link":"https:\/\/forteairolo.ch\/de\/vino\/","title":{"rendered":"Wein"},"content":{"rendered":"<p><img loading=\"lazy\" decoding=\"async\" class=\" wp-image-645 alignleft\" src=\"https:\/\/forteairolo.ch\/wp-content\/uploads\/2018\/01\/gransegreto_merlot_kl.jpg\" alt=\"\" width=\"251\" height=\"389\" srcset=\"https:\/\/forteairolo.ch\/wp-content\/uploads\/2018\/01\/gransegreto_merlot_kl.jpg 236w, https:\/\/forteairolo.ch\/wp-content\/uploads\/2018\/01\/gransegreto_merlot_kl-193x300.jpg 193w, https:\/\/forteairolo.ch\/wp-content\/uploads\/2018\/01\/gransegreto_merlot_kl-230x357.jpg 230w\" sizes=\"auto, (max-width: 251px) 100vw, 251px\" \/><\/p>\n<h6>Rosso Gransegreto<\/h6>\n<p>Limitierte Produktion\u00a0 <strong>( 2001) 75cl, 150cl<\/strong><br \/>\nBezeichnung\u00a0 <strong>ticino doc merlot riserva<\/strong><br \/>\nAlkoholgehalt\u00a0 <strong>13%<\/strong><br \/>\nRegion\u00a0 <strong>Pedrinate<\/strong><br \/>\nHerstellung\u00a0 <strong>In Barrique im forte di airolo, auf dem Sankt. Gotthard<\/strong><br \/>\nGeschmack\u00a0 <strong>intensive Aromen, reich, elegant<\/strong><br \/>\nPasst zu<strong>\u00a0 Braten, Kalbsfleich, K\u00e4se<br \/>\n<\/strong>Serviertemperatur<strong>\u00a0 18\u00b0C<\/strong><\/p>\n<p><strong>\u00a0<\/strong><strong>CHF 38.\u2013<\/strong><\/p>\n<p><a href=\"http:\/\/forteairolo.ch\/wp-content\/uploads\/2019\/01\/formulario_comanda_2018.pdf\">Bestellung<\/a><\/p>\n<p>&nbsp;<\/p>\n<p>&nbsp;<\/p>\n<h6><strong><img loading=\"lazy\" decoding=\"async\" class=\" wp-image-644 alignleft\" src=\"https:\/\/forteairolo.ch\/wp-content\/uploads\/2018\/01\/gransegreto_chardonnay_kl.jpg\" alt=\"\" width=\"251\" height=\"382\" \/><\/strong><\/h6>\n<h6>Bianco Gransegreto<\/h6>\n<p>Limitierte Produktion <strong>(2006) 75cl<\/strong><br \/>\nBezeichnung <strong>ticino doc chardonnay riserva<\/strong><br \/>\nAlkoholgehalt <strong>13%<\/strong><br \/>\nRegion <strong>mendrisiotto<\/strong><br \/>\nHerstellung\u00a0 <strong>In Barrique im forte di airolo, auf dem Sankt. Gotthard<\/strong><br \/>\nGeschmack\u00a0 <strong>struckturiert, intensivo, komplex<\/strong><br \/>\nPasst zu<strong>\u00a0 Fisch, Muscheln, Poulet<\/strong><br \/>\nServiertemperatur<strong>\u00a0 10\u00b0-12\u00b0C<\/strong><\/p>\n<p><strong>CHF 38.\u2013<\/strong><\/p>\n<p><a href=\"http:\/\/forteairolo.ch\/wp-content\/uploads\/2019\/01\/formulario_comanda_2018.pdf\">Bestellung<\/a><\/p>\n<p>&nbsp;<\/p>\n<p>&nbsp;<\/p>\n<p><em>Il Gransegreto si distingue per la sua finezza e unicit\u00e0. L\u2019affinamento avviene <\/em><em>in barriques di secondo passaggio custodite negli spazi riservati del Forte Airolo, ad <\/em><em>oltre 1300 metri di altitudine<span lang=\"de\">Das Gransegreto zeichnet sich durch seine Finesse und Einzigartigkeit aus. <\/span><\/em><\/p>\n<p><strong>Kraftvoller Festungswein gealtert im Stollen der Gransegreto.<\/strong><\/p>\n<p>Die Verbindung von Wein und Kultur wird immer auff\u00e4lliger, aber der Bezug zu einem milit\u00e4rischen Bauwerk wirkt doch sehr aussergew\u00f6hnlich. Die Firma Valsangiacomo in Chiasso hat eine Vereinbarung mit der Schweizer Armee getroffen, um einen Wein herzustellen, der mit der Festung Airolo zusammenh\u00e4ngt. Der neue Wein wird in der Tat in den Kellern des Forts in Eichenf\u00e4sser gealtert.<\/p>\n<p>Es sind keine eigentlichen Keller, sondern R\u00e4ume mit idealen klimatischen Bedingungen f\u00fcr die Weinlagerung. Rund zwanzig F\u00e4sser liegen bereits im Innern des Gotthards und sind von einem Stollensystem her zug\u00e4nglich, das Motto Bartola und Festung verbindet.<\/p>\n<p>Diese originelle Initiative wurde aus einer Reihe gl\u00fccklicher Umst\u00e4nde geboren. Erstens die Gelegenheit, zur richtigen Zeit am richtigen Ort zu sein, und man hat dem damaligen Kommandant an die au\u00dfergew\u00f6hnlichen Eigenschaften des Forte Airolo f\u00fcr die Erhaltung und Verfeinerung eines guten Weins hingewiesen, und jene Lokale f\u00fcr die Weinalterung zu nutzen vorgeschlagen. Die Idee wurde sofort verstanden, gesch\u00e4tzt und unterst\u00fctzt, bis das Projekt realisiert wurde.<\/p>\n<p>Nachdem das Projekt dem Kommandanten detailliert vorgelegt worden war, wurde das Regionalkommando um einen geeigneten Platz in einem Keller gebeten. Es wurde dann ein Raum in unmittelbarer N\u00e4he des Fort zur Verf\u00fcgung gestellt, der noch nicht zur zivilen Nutzung degradiert und daher &#8222;geheim&#8220;\u201c segreto\u201c war. Die Geheimhaltung des Ortes schlug die Idee f\u00fcr den Namen des Weins vor <strong>\u201e segreto\u201c.<\/strong><\/p>\n<p>Die Temperatur- und Feuchtigkeitsbedingungen wurden \u00fcberpr\u00fcft und die ersten 24 Barriques der zweiten Passage, gef\u00fcllt mit einem guten Merlot del Mendrisiotto, f\u00fcr die erste Produktion dieses Weines gelagert, mit der Idee, etwas anderes zu schaffen.<\/p>\n<p>&nbsp;<\/p>\n<p>&nbsp;<\/p>\n<p><img loading=\"lazy\" decoding=\"async\" class=\"alignnone size-full wp-image-678\" src=\"https:\/\/forteairolo.ch\/wp-content\/uploads\/2018\/01\/merlot_tavolo.jpg\" alt=\"\" width=\"1000\" height=\"635\" srcset=\"https:\/\/forteairolo.ch\/wp-content\/uploads\/2018\/01\/merlot_tavolo.jpg 1000w, https:\/\/forteairolo.ch\/wp-content\/uploads\/2018\/01\/merlot_tavolo-300x191.jpg 300w, https:\/\/forteairolo.ch\/wp-content\/uploads\/2018\/01\/merlot_tavolo-768x488.jpg 768w, https:\/\/forteairolo.ch\/wp-content\/uploads\/2018\/01\/merlot_tavolo-830x527.jpg 830w, https:\/\/forteairolo.ch\/wp-content\/uploads\/2018\/01\/merlot_tavolo-230x146.jpg 230w, https:\/\/forteairolo.ch\/wp-content\/uploads\/2018\/01\/merlot_tavolo-350x222.jpg 350w, https:\/\/forteairolo.ch\/wp-content\/uploads\/2018\/01\/merlot_tavolo-480x305.jpg 480w\" sizes=\"auto, (max-width: 1000px) 100vw, 1000px\" \/><\/p>\n","protected":false},"excerpt":{"rendered":"<p>Rosso Gransegreto Limitierte Produktion\u00a0 ( 2001) 75cl, 150cl Bezeichnung\u00a0 ticino doc merlot riserva Alkoholgehalt\u00a0 13% Region\u00a0 Pedrinate Herstellung\u00a0 In Barrique im forte [&hellip;]<\/p>\n","protected":false},"author":1,"featured_media":0,"parent":0,"menu_order":0,"comment_status":"closed","ping_status":"closed","template":"page-templates\/page_fullwidth.php","meta":{"footnotes":""},"class_list":["post-836","page","type-page","status-publish","hentry"],"yoast_head":"<!-- This site is optimized with the Yoast SEO plugin v24.5 - https:\/\/yoast.com\/wordpress\/plugins\/seo\/ -->\n<title>Wein - Forte Airolo<\/title>\n<meta name=\"robots\" content=\"index, follow, max-snippet:-1, max-image-preview:large, max-video-preview:-1\" \/>\n<link rel=\"canonical\" href=\"https:\/\/forteairolo.ch\/de\/vino\/\" \/>\n<meta property=\"og:locale\" content=\"de_DE\" \/>\n<meta property=\"og:type\" content=\"article\" \/>\n<meta property=\"og:title\" content=\"Wein - Forte Airolo\" \/>\n<meta property=\"og:description\" content=\"Rosso Gransegreto Limitierte Produktion\u00a0 ( 2001) 75cl, 150cl Bezeichnung\u00a0 ticino doc merlot riserva Alkoholgehalt\u00a0 13% Region\u00a0 Pedrinate Herstellung\u00a0 In Barrique im forte [&hellip;]\" \/>\n<meta property=\"og:url\" content=\"https:\/\/forteairolo.ch\/de\/vino\/\" \/>\n<meta property=\"og:site_name\" content=\"Forte Airolo\" \/>\n<meta property=\"article:modified_time\" content=\"2021-05-13T09:38:00+00:00\" \/>\n<meta property=\"og:image\" content=\"https:\/\/forteairolo.ch\/wp-content\/uploads\/2018\/01\/gransegreto_merlot_kl.jpg\" \/>\n\t<meta property=\"og:image:width\" content=\"236\" \/>\n\t<meta property=\"og:image:height\" content=\"366\" \/>\n\t<meta property=\"og:image:type\" content=\"image\/jpeg\" \/>\n<meta name=\"twitter:card\" content=\"summary_large_image\" \/>\n<meta name=\"twitter:label1\" content=\"Gesch\u00e4tzte Lesezeit\" \/>\n\t<meta name=\"twitter:data1\" content=\"2\u00a0Minuten\" \/>\n<script type=\"application\/ld+json\" class=\"yoast-schema-graph\">{\"@context\":\"https:\/\/schema.org\",\"@graph\":[{\"@type\":\"WebPage\",\"@id\":\"https:\/\/forteairolo.ch\/de\/vino\/\",\"url\":\"https:\/\/forteairolo.ch\/de\/vino\/\",\"name\":\"Wein - Forte Airolo\",\"isPartOf\":{\"@id\":\"https:\/\/forteairolo.ch\/#website\"},\"primaryImageOfPage\":{\"@id\":\"https:\/\/forteairolo.ch\/de\/vino\/#primaryimage\"},\"image\":{\"@id\":\"https:\/\/forteairolo.ch\/de\/vino\/#primaryimage\"},\"thumbnailUrl\":\"https:\/\/forteairolo.ch\/wp-content\/uploads\/2018\/01\/gransegreto_merlot_kl.jpg\",\"datePublished\":\"2018-01-09T17:19:24+00:00\",\"dateModified\":\"2021-05-13T09:38:00+00:00\",\"breadcrumb\":{\"@id\":\"https:\/\/forteairolo.ch\/de\/vino\/#breadcrumb\"},\"inLanguage\":\"de\",\"potentialAction\":[{\"@type\":\"ReadAction\",\"target\":[\"https:\/\/forteairolo.ch\/de\/vino\/\"]}]},{\"@type\":\"ImageObject\",\"inLanguage\":\"de\",\"@id\":\"https:\/\/forteairolo.ch\/de\/vino\/#primaryimage\",\"url\":\"https:\/\/forteairolo.ch\/wp-content\/uploads\/2018\/01\/gransegreto_merlot_kl.jpg\",\"contentUrl\":\"https:\/\/forteairolo.ch\/wp-content\/uploads\/2018\/01\/gransegreto_merlot_kl.jpg\"},{\"@type\":\"BreadcrumbList\",\"@id\":\"https:\/\/forteairolo.ch\/de\/vino\/#breadcrumb\",\"itemListElement\":[{\"@type\":\"ListItem\",\"position\":1,\"name\":\"Home\",\"item\":\"https:\/\/forteairolo.ch\/de\/\"},{\"@type\":\"ListItem\",\"position\":2,\"name\":\"Wein\"}]},{\"@type\":\"WebSite\",\"@id\":\"https:\/\/forteairolo.ch\/#website\",\"url\":\"https:\/\/forteairolo.ch\/\",\"name\":\"Forte Airolo\",\"description\":\"\",\"potentialAction\":[{\"@type\":\"SearchAction\",\"target\":{\"@type\":\"EntryPoint\",\"urlTemplate\":\"https:\/\/forteairolo.ch\/?s={search_term_string}\"},\"query-input\":{\"@type\":\"PropertyValueSpecification\",\"valueRequired\":true,\"valueName\":\"search_term_string\"}}],\"inLanguage\":\"de\"}]}<\/script>\n<!-- \/ Yoast SEO plugin. -->","yoast_head_json":{"title":"Wein - Forte Airolo","robots":{"index":"index","follow":"follow","max-snippet":"max-snippet:-1","max-image-preview":"max-image-preview:large","max-video-preview":"max-video-preview:-1"},"canonical":"https:\/\/forteairolo.ch\/de\/vino\/","og_locale":"de_DE","og_type":"article","og_title":"Wein - Forte Airolo","og_description":"Rosso Gransegreto Limitierte Produktion\u00a0 ( 2001) 75cl, 150cl Bezeichnung\u00a0 ticino doc merlot riserva Alkoholgehalt\u00a0 13% Region\u00a0 Pedrinate Herstellung\u00a0 In Barrique im forte [&hellip;]","og_url":"https:\/\/forteairolo.ch\/de\/vino\/","og_site_name":"Forte Airolo","article_modified_time":"2021-05-13T09:38:00+00:00","og_image":[{"width":236,"height":366,"url":"https:\/\/forteairolo.ch\/wp-content\/uploads\/2018\/01\/gransegreto_merlot_kl.jpg","type":"image\/jpeg"}],"twitter_card":"summary_large_image","twitter_misc":{"Gesch\u00e4tzte Lesezeit":"2\u00a0Minuten"},"schema":{"@context":"https:\/\/schema.org","@graph":[{"@type":"WebPage","@id":"https:\/\/forteairolo.ch\/de\/vino\/","url":"https:\/\/forteairolo.ch\/de\/vino\/","name":"Wein - Forte Airolo","isPartOf":{"@id":"https:\/\/forteairolo.ch\/#website"},"primaryImageOfPage":{"@id":"https:\/\/forteairolo.ch\/de\/vino\/#primaryimage"},"image":{"@id":"https:\/\/forteairolo.ch\/de\/vino\/#primaryimage"},"thumbnailUrl":"https:\/\/forteairolo.ch\/wp-content\/uploads\/2018\/01\/gransegreto_merlot_kl.jpg","datePublished":"2018-01-09T17:19:24+00:00","dateModified":"2021-05-13T09:38:00+00:00","breadcrumb":{"@id":"https:\/\/forteairolo.ch\/de\/vino\/#breadcrumb"},"inLanguage":"de","potentialAction":[{"@type":"ReadAction","target":["https:\/\/forteairolo.ch\/de\/vino\/"]}]},{"@type":"ImageObject","inLanguage":"de","@id":"https:\/\/forteairolo.ch\/de\/vino\/#primaryimage","url":"https:\/\/forteairolo.ch\/wp-content\/uploads\/2018\/01\/gransegreto_merlot_kl.jpg","contentUrl":"https:\/\/forteairolo.ch\/wp-content\/uploads\/2018\/01\/gransegreto_merlot_kl.jpg"},{"@type":"BreadcrumbList","@id":"https:\/\/forteairolo.ch\/de\/vino\/#breadcrumb","itemListElement":[{"@type":"ListItem","position":1,"name":"Home","item":"https:\/\/forteairolo.ch\/de\/"},{"@type":"ListItem","position":2,"name":"Wein"}]},{"@type":"WebSite","@id":"https:\/\/forteairolo.ch\/#website","url":"https:\/\/forteairolo.ch\/","name":"Forte Airolo","description":"","potentialAction":[{"@type":"SearchAction","target":{"@type":"EntryPoint","urlTemplate":"https:\/\/forteairolo.ch\/?s={search_term_string}"},"query-input":{"@type":"PropertyValueSpecification","valueRequired":true,"valueName":"search_term_string"}}],"inLanguage":"de"}]}},"_links":{"self":[{"href":"https:\/\/forteairolo.ch\/de\/wp-json\/wp\/v2\/pages\/836","targetHints":{"allow":["GET"]}}],"collection":[{"href":"https:\/\/forteairolo.ch\/de\/wp-json\/wp\/v2\/pages"}],"about":[{"href":"https:\/\/forteairolo.ch\/de\/wp-json\/wp\/v2\/types\/page"}],"author":[{"embeddable":true,"href":"https:\/\/forteairolo.ch\/de\/wp-json\/wp\/v2\/users\/1"}],"replies":[{"embeddable":true,"href":"https:\/\/forteairolo.ch\/de\/wp-json\/wp\/v2\/comments?post=836"}],"version-history":[{"count":17,"href":"https:\/\/forteairolo.ch\/de\/wp-json\/wp\/v2\/pages\/836\/revisions"}],"predecessor-version":[{"id":1757,"href":"https:\/\/forteairolo.ch\/de\/wp-json\/wp\/v2\/pages\/836\/revisions\/1757"}],"wp:attachment":[{"href":"https:\/\/forteairolo.ch\/de\/wp-json\/wp\/v2\/media?parent=836"}],"curies":[{"name":"wp","href":"https:\/\/api.w.org\/{rel}","templated":true}]}}