{"id":901,"date":"2017-10-20T14:12:44","date_gmt":"2017-10-20T14:12:44","guid":{"rendered":"http:\/\/1.forteairolo.ch\/wordpress\/forte-2\/"},"modified":"2018-03-31T14:47:37","modified_gmt":"2018-03-31T14:47:37","slug":"forte-2","status":"publish","type":"page","link":"https:\/\/forteairolo.ch\/de\/","title":{"rendered":"Startseite"},"content":{"rendered":"<div id=\"pl-901\"  class=\"panel-layout\" ><div id=\"pg-901-0\"  class=\"panel-grid panel-has-style\" ><div style=\"padding: 100px 0; \" data-overlay=\"true\" data-overlay-color=\"#000000\" class=\"panel-row-style panel-row-style-for-901-0\" ><div id=\"pgc-901-0-0\"  class=\"panel-grid-cell\" ><div id=\"panel-901-0-0-0\" class=\"so-panel widget widget_sow-editor panel-first-child\" data-index=\"0\" ><div style=\"text-align: left;\" data-title-color=\"#443f3f\" data-headings-color=\"#443f3f\" class=\"panel-widget-style panel-widget-style-for-901-0-0-0\" ><div\n\t\t\t\n\t\t\tclass=\"so-widget-sow-editor so-widget-sow-editor-base\"\n\t\t\t\n\t\t>\n<div class=\"siteorigin-widget-tinymce textwidget\">\n\t<p><img loading=\"lazy\" decoding=\"async\" class=\"aligncenter wp-image-575\" src=\"https:\/\/forteairolo.ch\/wp-content\/uploads\/2017\/11\/orologio_kl.jpg\" alt=\"\" width=\"80\" height=\"76\" \/><\/p>\n<h6 style=\"text-align: center;\">F\u00fcr Gruppen das ganze Jahr verf\u00fcgbar<\/h6>\n<\/div>\n<\/div><\/div><\/div><div id=\"panel-901-0-0-1\" class=\"so-panel widget widget_sow-button panel-last-child\" data-index=\"1\" ><div style=\"text-align: left;\" data-title-color=\"#443f3f\" data-headings-color=\"#443f3f\" class=\"panel-widget-style panel-widget-style-for-901-0-0-1\" ><div\n\t\t\t\n\t\t\tclass=\"so-widget-sow-button so-widget-sow-button-wire-000b4bf6b7aa-901\"\n\t\t\t\n\t\t><div class=\"ow-button-base ow-button-align-center\">\n\t\t\t<a\n\t\t\t\t\thref=\"http:\/\/forteairolo.ch\/de\/siamo-aperti\/\"\n\t\t\t\t\tclass=\"sowb-button ow-icon-placement-left ow-button-hover\" \t>\n\t\t<span>\n\t\t\t\n\t\t\tWir habe ge\u00f6ffnet\t\t<\/span>\n\t\t\t<\/a>\n\t<\/div>\n<\/div><\/div><\/div><\/div><div id=\"pgc-901-0-1\"  class=\"panel-grid-cell\" ><div id=\"panel-901-0-1-0\" class=\"so-panel widget widget_sow-editor panel-first-child\" data-index=\"2\" ><div style=\"text-align: left;\" data-title-color=\"#443f3f\" data-headings-color=\"#443f3f\" class=\"panel-widget-style panel-widget-style-for-901-0-1-0\" ><div\n\t\t\t\n\t\t\tclass=\"so-widget-sow-editor so-widget-sow-editor-base\"\n\t\t\t\n\t\t>\n<div class=\"siteorigin-widget-tinymce textwidget\">\n\t<p style=\"text-align: center;\"><img loading=\"lazy\" decoding=\"async\" class=\"alignnone size-full wp-image-576\" src=\"https:\/\/forteairolo.ch\/wp-content\/uploads\/2017\/11\/shop_kl.jpg\" alt=\"\" width=\"80\" height=\"76\" \/><\/p>\n<h6 style=\"text-align: center;\">Hier erh\u00e4ltlich<\/h6>\n<\/div>\n<\/div><\/div><\/div><div id=\"panel-901-0-1-1\" class=\"so-panel widget widget_sow-button panel-last-child\" data-index=\"3\" ><div style=\"text-align: left;\" data-title-color=\"#443f3f\" data-headings-color=\"#443f3f\" class=\"panel-widget-style panel-widget-style-for-901-0-1-1\" ><div\n\t\t\t\n\t\t\tclass=\"so-widget-sow-button so-widget-sow-button-wire-000b4bf6b7aa-901\"\n\t\t\t\n\t\t><div class=\"ow-button-base ow-button-align-center\">\n\t\t\t<a\n\t\t\t\t\thref=\"http:\/\/forteairolo.ch\/fr\/shop\/\"\n\t\t\t\t\tclass=\"sowb-button ow-icon-placement-left ow-button-hover\" \t>\n\t\t<span>\n\t\t\t\n\t\t\tShop\t\t<\/span>\n\t\t\t<\/a>\n\t<\/div>\n<\/div><\/div><\/div><\/div><div id=\"pgc-901-0-2\"  class=\"panel-grid-cell\" ><div id=\"panel-901-0-2-0\" class=\"so-panel widget widget_sow-editor panel-first-child\" data-index=\"4\" ><div style=\"text-align: left;\" data-title-color=\"#443f3f\" data-headings-color=\"#443f3f\" class=\"panel-widget-style panel-widget-style-for-901-0-2-0\" ><div\n\t\t\t\n\t\t\tclass=\"so-widget-sow-editor so-widget-sow-editor-base\"\n\t\t\t\n\t\t>\n<div class=\"siteorigin-widget-tinymce textwidget\">\n\t<p style=\"text-align: center;\"><a href=\"_wp_link_placeholder\"><img loading=\"lazy\" decoding=\"async\" class=\"alignnone size-full wp-image-574\" src=\"https:\/\/forteairolo.ch\/wp-content\/uploads\/2017\/11\/cartina_kl.jpg\" alt=\"\" width=\"80\" height=\"76\" \/><\/a><\/p>\n<h6 style=\"text-align: center;\">Wo Sie uns finden<\/h6>\n<\/div>\n<\/div><\/div><\/div><div id=\"panel-901-0-2-1\" class=\"so-panel widget widget_sow-button panel-last-child\" data-index=\"5\" ><div style=\"text-align: left;\" data-title-color=\"#443f3f\" data-headings-color=\"#443f3f\" class=\"panel-widget-style panel-widget-style-for-901-0-2-1\" ><div\n\t\t\t\n\t\t\tclass=\"so-widget-sow-button so-widget-sow-button-wire-000b4bf6b7aa-901\"\n\t\t\t\n\t\t><div class=\"ow-button-base ow-button-align-center\">\n\t\t\t<a\n\t\t\t\t\thref=\"http:\/\/forteairolo.ch\/fr\/come-arrivare\/\"\n\t\t\t\t\tclass=\"sowb-button ow-icon-placement-left ow-button-hover\" \t>\n\t\t<span>\n\t\t\t\n\t\t\tKarte\t\t<\/span>\n\t\t\t<\/a>\n\t<\/div>\n<\/div><\/div><\/div><\/div><\/div><\/div><div id=\"pg-901-1\"  class=\"panel-grid panel-has-style\" ><div style=\"padding: 100px 0; \" data-overlay=\"true\" data-overlay-color=\"#000000\" class=\"panel-row-style panel-row-style-for-901-1\" ><div id=\"pgc-901-1-0\"  class=\"panel-grid-cell panel-grid-cell-empty\" ><\/div><div id=\"pgc-901-1-1\"  class=\"panel-grid-cell panel-grid-cell-empty panel-grid-cell-mobile-last\" ><\/div><div id=\"pgc-901-1-2\"  class=\"panel-grid-cell panel-grid-cell-empty\" ><\/div><\/div><\/div><\/div>","protected":false},"excerpt":{"rendered":"<p>F\u00fcr Gruppen das ganze Jahr verf\u00fcgbar Hier erh\u00e4ltlich Wo Sie uns finden<\/p>\n","protected":false},"author":1,"featured_media":0,"parent":0,"menu_order":0,"comment_status":"closed","ping_status":"closed","template":"page-templates\/page_front-page.php","meta":{"footnotes":""},"class_list":["post-901","page","type-page","status-publish","hentry"],"yoast_head":"<!-- This site is optimized with the Yoast SEO plugin v24.5 - https:\/\/yoast.com\/wordpress\/plugins\/seo\/ -->\n<title>Startseite - Forte Airolo<\/title>\n<meta name=\"robots\" content=\"index, follow, max-snippet:-1, max-image-preview:large, max-video-preview:-1\" \/>\n<link rel=\"canonical\" href=\"https:\/\/forteairolo.ch\/de\/\" \/>\n<meta property=\"og:locale\" content=\"de_DE\" \/>\n<meta property=\"og:type\" content=\"article\" \/>\n<meta property=\"og:title\" content=\"Startseite - Forte Airolo\" \/>\n<meta property=\"og:description\" content=\"F\u00fcr Gruppen das ganze Jahr verf\u00fcgbar Hier erh\u00e4ltlich Wo Sie uns finden\" \/>\n<meta property=\"og:url\" content=\"https:\/\/forteairolo.ch\/de\/\" \/>\n<meta property=\"og:site_name\" content=\"Forte Airolo\" \/>\n<meta property=\"article:modified_time\" content=\"2018-03-31T14:47:37+00:00\" \/>\n<meta property=\"og:image\" content=\"https:\/\/forteairolo.ch\/wp-content\/uploads\/2017\/11\/orologio_kl.jpg\" \/>\n\t<meta property=\"og:image:width\" content=\"80\" \/>\n\t<meta property=\"og:image:height\" content=\"76\" \/>\n\t<meta property=\"og:image:type\" content=\"image\/jpeg\" \/>\n<meta name=\"twitter:card\" content=\"summary_large_image\" \/>\n<script type=\"application\/ld+json\" class=\"yoast-schema-graph\">{\"@context\":\"https:\/\/schema.org\",\"@graph\":[{\"@type\":\"WebPage\",\"@id\":\"https:\/\/forteairolo.ch\/de\/\",\"url\":\"https:\/\/forteairolo.ch\/de\/\",\"name\":\"Startseite - Forte Airolo\",\"isPartOf\":{\"@id\":\"https:\/\/forteairolo.ch\/#website\"},\"primaryImageOfPage\":{\"@id\":\"https:\/\/forteairolo.ch\/de\/#primaryimage\"},\"image\":{\"@id\":\"https:\/\/forteairolo.ch\/de\/#primaryimage\"},\"thumbnailUrl\":\"https:\/\/forteairolo.ch\/wp-content\/uploads\/2017\/11\/orologio_kl.jpg\",\"datePublished\":\"2017-10-20T14:12:44+00:00\",\"dateModified\":\"2018-03-31T14:47:37+00:00\",\"breadcrumb\":{\"@id\":\"https:\/\/forteairolo.ch\/de\/#breadcrumb\"},\"inLanguage\":\"de\",\"potentialAction\":[{\"@type\":\"ReadAction\",\"target\":[\"https:\/\/forteairolo.ch\/de\/\"]}]},{\"@type\":\"ImageObject\",\"inLanguage\":\"de\",\"@id\":\"https:\/\/forteairolo.ch\/de\/#primaryimage\",\"url\":\"https:\/\/forteairolo.ch\/wp-content\/uploads\/2017\/11\/orologio_kl.jpg\",\"contentUrl\":\"https:\/\/forteairolo.ch\/wp-content\/uploads\/2017\/11\/orologio_kl.jpg\"},{\"@type\":\"BreadcrumbList\",\"@id\":\"https:\/\/forteairolo.ch\/de\/#breadcrumb\",\"itemListElement\":[{\"@type\":\"ListItem\",\"position\":1,\"name\":\"Home\",\"item\":\"https:\/\/forteairolo.ch\/de\/\"},{\"@type\":\"ListItem\",\"position\":2,\"name\":\"Startseite\"}]},{\"@type\":\"WebSite\",\"@id\":\"https:\/\/forteairolo.ch\/#website\",\"url\":\"https:\/\/forteairolo.ch\/\",\"name\":\"Forte Airolo\",\"description\":\"\",\"potentialAction\":[{\"@type\":\"SearchAction\",\"target\":{\"@type\":\"EntryPoint\",\"urlTemplate\":\"https:\/\/forteairolo.ch\/?s={search_term_string}\"},\"query-input\":{\"@type\":\"PropertyValueSpecification\",\"valueRequired\":true,\"valueName\":\"search_term_string\"}}],\"inLanguage\":\"de\"}]}<\/script>\n<!-- \/ Yoast SEO plugin. -->","yoast_head_json":{"title":"Startseite - Forte Airolo","robots":{"index":"index","follow":"follow","max-snippet":"max-snippet:-1","max-image-preview":"max-image-preview:large","max-video-preview":"max-video-preview:-1"},"canonical":"https:\/\/forteairolo.ch\/de\/","og_locale":"de_DE","og_type":"article","og_title":"Startseite - Forte Airolo","og_description":"F\u00fcr Gruppen das ganze Jahr verf\u00fcgbar Hier erh\u00e4ltlich Wo Sie uns finden","og_url":"https:\/\/forteairolo.ch\/de\/","og_site_name":"Forte Airolo","article_modified_time":"2018-03-31T14:47:37+00:00","og_image":[{"width":80,"height":76,"url":"https:\/\/forteairolo.ch\/wp-content\/uploads\/2017\/11\/orologio_kl.jpg","type":"image\/jpeg"}],"twitter_card":"summary_large_image","schema":{"@context":"https:\/\/schema.org","@graph":[{"@type":"WebPage","@id":"https:\/\/forteairolo.ch\/de\/","url":"https:\/\/forteairolo.ch\/de\/","name":"Startseite - Forte Airolo","isPartOf":{"@id":"https:\/\/forteairolo.ch\/#website"},"primaryImageOfPage":{"@id":"https:\/\/forteairolo.ch\/de\/#primaryimage"},"image":{"@id":"https:\/\/forteairolo.ch\/de\/#primaryimage"},"thumbnailUrl":"https:\/\/forteairolo.ch\/wp-content\/uploads\/2017\/11\/orologio_kl.jpg","datePublished":"2017-10-20T14:12:44+00:00","dateModified":"2018-03-31T14:47:37+00:00","breadcrumb":{"@id":"https:\/\/forteairolo.ch\/de\/#breadcrumb"},"inLanguage":"de","potentialAction":[{"@type":"ReadAction","target":["https:\/\/forteairolo.ch\/de\/"]}]},{"@type":"ImageObject","inLanguage":"de","@id":"https:\/\/forteairolo.ch\/de\/#primaryimage","url":"https:\/\/forteairolo.ch\/wp-content\/uploads\/2017\/11\/orologio_kl.jpg","contentUrl":"https:\/\/forteairolo.ch\/wp-content\/uploads\/2017\/11\/orologio_kl.jpg"},{"@type":"BreadcrumbList","@id":"https:\/\/forteairolo.ch\/de\/#breadcrumb","itemListElement":[{"@type":"ListItem","position":1,"name":"Home","item":"https:\/\/forteairolo.ch\/de\/"},{"@type":"ListItem","position":2,"name":"Startseite"}]},{"@type":"WebSite","@id":"https:\/\/forteairolo.ch\/#website","url":"https:\/\/forteairolo.ch\/","name":"Forte Airolo","description":"","potentialAction":[{"@type":"SearchAction","target":{"@type":"EntryPoint","urlTemplate":"https:\/\/forteairolo.ch\/?s={search_term_string}"},"query-input":{"@type":"PropertyValueSpecification","valueRequired":true,"valueName":"search_term_string"}}],"inLanguage":"de"}]}},"_links":{"self":[{"href":"https:\/\/forteairolo.ch\/de\/wp-json\/wp\/v2\/pages\/901","targetHints":{"allow":["GET"]}}],"collection":[{"href":"https:\/\/forteairolo.ch\/de\/wp-json\/wp\/v2\/pages"}],"about":[{"href":"https:\/\/forteairolo.ch\/de\/wp-json\/wp\/v2\/types\/page"}],"author":[{"embeddable":true,"href":"https:\/\/forteairolo.ch\/de\/wp-json\/wp\/v2\/users\/1"}],"replies":[{"embeddable":true,"href":"https:\/\/forteairolo.ch\/de\/wp-json\/wp\/v2\/comments?post=901"}],"version-history":[{"count":14,"href":"https:\/\/forteairolo.ch\/de\/wp-json\/wp\/v2\/pages\/901\/revisions"}],"predecessor-version":[{"id":1598,"href":"https:\/\/forteairolo.ch\/de\/wp-json\/wp\/v2\/pages\/901\/revisions\/1598"}],"wp:attachment":[{"href":"https:\/\/forteairolo.ch\/de\/wp-json\/wp\/v2\/media?parent=901"}],"curies":[{"name":"wp","href":"https:\/\/api.w.org\/{rel}","templated":true}]}}