{"id":705,"date":"2017-10-20T14:08:02","date_gmt":"2017-10-20T14:08:02","guid":{"rendered":"http:\/\/1.forteairolo.ch\/wordpress\/museo\/"},"modified":"2018-01-24T14:37:52","modified_gmt":"2018-01-24T14:37:52","slug":"museo","status":"publish","type":"page","link":"https:\/\/forteairolo.ch\/fr\/museo\/","title":{"rendered":"Mus\u00e9e"},"content":{"rendered":"<p><strong>La cr\u00e9ation du mus\u00e9e<\/strong><\/p>\n<p>En 1989 \u00e0 l\u2019occasion des 50 ans de la mobilisation g\u00e9n\u00e9rale et des 100 ans des premiers cours des troupes de forteresse qui se sont d\u00e9roul\u00e9s \u00e0 Airolo, un petit mus\u00e9e a \u00e9t\u00e9 inaugur\u00e9 gr\u00e2ce \u00e0 la volont\u00e9 et l\u2019\u00e9nergie du commandant de la R\u00e9gion Garde-Fortifications 24, le colonel Arnoldo Moriggia. L\u2019actuel mus\u00e9e qui occupe environ la moiti\u00e9 du fort s\u2019est agrandi \u00e0 diverses reprises.<\/p>\n<p><strong>Qu\u2019est-il possible de voir dans le mus\u00e9e\u00a0?<\/strong><\/p>\n<p>Tout d\u2019abord, l\u2019architecture du fort avec son labyrinthe de couloirs et de casemates. Il s\u2019agit d\u2019un vrai chef-d\u2019\u0153uvre d\u2019architecture militaire. La couverture du fort, enti\u00e8rement en blocs de granit de Lavorgo, est un vrai hommage au travail exceptionnel des tailleurs de pierre de l\u2019\u00e9poque. Il s\u2019agit, sans aucun doute, d\u2019un des forts de ce type parmi les mieux pr\u00e9serv\u00e9s d\u2019Europe.<\/p>\n<p>Ensuite, l\u2019armement d\u2019origine encore en bonne partie pr\u00e9sent compos\u00e9 de canons, tourelles et postes d\u2019observations. Dans divers espaces sont expos\u00e9es les armes install\u00e9es durant les phases de modernisation du fort comme les mitrailleuses, les canons antia\u00e9riens, etc.<\/p>\n<p>Il est aussi possible d\u2019\u00e9tudier les \u00e9l\u00e9ments de la vie quotidienne de la garnison du fort, comme par exemple la vaisselle du mess des officiers. La forteresse des plus modernes pour son \u00e9poque disposait de l\u2019\u00e9lectricit\u00e9. Le fort \u00e9tait parfaitement autonome et disposait m\u00eame d\u2019une propore boulangerie\u00a0!<\/p>\n<p>Finalement une riche documentation sur la forteresse du Saint-Gothard et son d\u00e9veloppement \u00e0 travers les \u00e2ges, notamment le fameux R\u00e9duit national, peut-\u00eatre consult\u00e9e dans une salle.<\/p>\n<p>&nbsp;<\/p>\n<p><img loading=\"lazy\" decoding=\"async\" class=\"alignnone size-full wp-image-551\" src=\"https:\/\/forteairolo.ch\/wp-content\/uploads\/2017\/11\/Piano_neu_1_tforte.jpg\" alt=\"\" width=\"1590\" height=\"921\" srcset=\"https:\/\/forteairolo.ch\/wp-content\/uploads\/2017\/11\/Piano_neu_1_tforte.jpg 1590w, https:\/\/forteairolo.ch\/wp-content\/uploads\/2017\/11\/Piano_neu_1_tforte-300x174.jpg 300w, https:\/\/forteairolo.ch\/wp-content\/uploads\/2017\/11\/Piano_neu_1_tforte-768x445.jpg 768w, https:\/\/forteairolo.ch\/wp-content\/uploads\/2017\/11\/Piano_neu_1_tforte-1024x593.jpg 1024w, https:\/\/forteairolo.ch\/wp-content\/uploads\/2017\/11\/Piano_neu_1_tforte-830x481.jpg 830w, https:\/\/forteairolo.ch\/wp-content\/uploads\/2017\/11\/Piano_neu_1_tforte-230x133.jpg 230w, https:\/\/forteairolo.ch\/wp-content\/uploads\/2017\/11\/Piano_neu_1_tforte-350x203.jpg 350w, https:\/\/forteairolo.ch\/wp-content\/uploads\/2017\/11\/Piano_neu_1_tforte-480x278.jpg 480w\" sizes=\"auto, (max-width: 1590px) 100vw, 1590px\" \/><\/p>\n","protected":false},"excerpt":{"rendered":"<p>La cr\u00e9ation du mus\u00e9e En 1989 \u00e0 l\u2019occasion des 50 ans de la mobilisation g\u00e9n\u00e9rale et des 100 ans des premiers cours [&hellip;]<\/p>\n","protected":false},"author":1,"featured_media":0,"parent":0,"menu_order":0,"comment_status":"closed","ping_status":"closed","template":"page-templates\/page_fullwidth.php","meta":{"footnotes":""},"class_list":["post-705","page","type-page","status-publish","hentry"],"yoast_head":"<!-- This site is optimized with the Yoast SEO plugin v24.5 - https:\/\/yoast.com\/wordpress\/plugins\/seo\/ -->\n<title>Mus\u00e9e - Forte Airolo<\/title>\n<meta name=\"robots\" content=\"index, follow, max-snippet:-1, max-image-preview:large, max-video-preview:-1\" \/>\n<link rel=\"canonical\" href=\"https:\/\/forteairolo.ch\/museo\/\" \/>\n<meta property=\"og:locale\" content=\"fr_FR\" \/>\n<meta property=\"og:type\" content=\"article\" \/>\n<meta property=\"og:title\" content=\"Mus\u00e9e - Forte Airolo\" \/>\n<meta property=\"og:description\" content=\"La cr\u00e9ation du mus\u00e9e En 1989 \u00e0 l\u2019occasion des 50 ans de la mobilisation g\u00e9n\u00e9rale et des 100 ans des premiers cours [&hellip;]\" \/>\n<meta property=\"og:url\" content=\"https:\/\/forteairolo.ch\/museo\/\" \/>\n<meta property=\"og:site_name\" content=\"Forte Airolo\" \/>\n<meta property=\"article:modified_time\" content=\"2018-01-24T14:37:52+00:00\" \/>\n<meta property=\"og:image\" content=\"https:\/\/forteairolo.ch\/wp-content\/uploads\/2017\/11\/Piano_neu_1_tforte.jpg\" \/>\n\t<meta property=\"og:image:width\" content=\"1590\" \/>\n\t<meta property=\"og:image:height\" content=\"921\" \/>\n\t<meta property=\"og:image:type\" content=\"image\/jpeg\" \/>\n<meta name=\"twitter:card\" content=\"summary_large_image\" \/>\n<meta name=\"twitter:label1\" content=\"Dur\u00e9e de lecture estim\u00e9e\" \/>\n\t<meta name=\"twitter:data1\" content=\"1 minute\" \/>\n<script type=\"application\/ld+json\" class=\"yoast-schema-graph\">{\"@context\":\"https:\/\/schema.org\",\"@graph\":[{\"@type\":\"WebPage\",\"@id\":\"https:\/\/forteairolo.ch\/museo\/\",\"url\":\"https:\/\/forteairolo.ch\/museo\/\",\"name\":\"Mus\u00e9e - Forte Airolo\",\"isPartOf\":{\"@id\":\"https:\/\/forteairolo.ch\/#website\"},\"primaryImageOfPage\":{\"@id\":\"https:\/\/forteairolo.ch\/museo\/#primaryimage\"},\"image\":{\"@id\":\"https:\/\/forteairolo.ch\/museo\/#primaryimage\"},\"thumbnailUrl\":\"https:\/\/forteairolo.ch\/wp-content\/uploads\/2017\/11\/Piano_neu_1_tforte.jpg\",\"datePublished\":\"2017-10-20T14:08:02+00:00\",\"dateModified\":\"2018-01-24T14:37:52+00:00\",\"breadcrumb\":{\"@id\":\"https:\/\/forteairolo.ch\/museo\/#breadcrumb\"},\"inLanguage\":\"fr-FR\",\"potentialAction\":[{\"@type\":\"ReadAction\",\"target\":[\"https:\/\/forteairolo.ch\/museo\/\"]}]},{\"@type\":\"ImageObject\",\"inLanguage\":\"fr-FR\",\"@id\":\"https:\/\/forteairolo.ch\/museo\/#primaryimage\",\"url\":\"https:\/\/forteairolo.ch\/wp-content\/uploads\/2017\/11\/Piano_neu_1_tforte.jpg\",\"contentUrl\":\"https:\/\/forteairolo.ch\/wp-content\/uploads\/2017\/11\/Piano_neu_1_tforte.jpg\"},{\"@type\":\"BreadcrumbList\",\"@id\":\"https:\/\/forteairolo.ch\/museo\/#breadcrumb\",\"itemListElement\":[{\"@type\":\"ListItem\",\"position\":1,\"name\":\"Home\",\"item\":\"https:\/\/forteairolo.ch\/fr\/\"},{\"@type\":\"ListItem\",\"position\":2,\"name\":\"Mus\u00e9e\"}]},{\"@type\":\"WebSite\",\"@id\":\"https:\/\/forteairolo.ch\/#website\",\"url\":\"https:\/\/forteairolo.ch\/\",\"name\":\"Forte Airolo\",\"description\":\"\",\"potentialAction\":[{\"@type\":\"SearchAction\",\"target\":{\"@type\":\"EntryPoint\",\"urlTemplate\":\"https:\/\/forteairolo.ch\/?s={search_term_string}\"},\"query-input\":{\"@type\":\"PropertyValueSpecification\",\"valueRequired\":true,\"valueName\":\"search_term_string\"}}],\"inLanguage\":\"fr-FR\"}]}<\/script>\n<!-- \/ Yoast SEO plugin. -->","yoast_head_json":{"title":"Mus\u00e9e - Forte Airolo","robots":{"index":"index","follow":"follow","max-snippet":"max-snippet:-1","max-image-preview":"max-image-preview:large","max-video-preview":"max-video-preview:-1"},"canonical":"https:\/\/forteairolo.ch\/museo\/","og_locale":"fr_FR","og_type":"article","og_title":"Mus\u00e9e - Forte Airolo","og_description":"La cr\u00e9ation du mus\u00e9e En 1989 \u00e0 l\u2019occasion des 50 ans de la mobilisation g\u00e9n\u00e9rale et des 100 ans des premiers cours [&hellip;]","og_url":"https:\/\/forteairolo.ch\/museo\/","og_site_name":"Forte Airolo","article_modified_time":"2018-01-24T14:37:52+00:00","og_image":[{"width":1590,"height":921,"url":"https:\/\/forteairolo.ch\/wp-content\/uploads\/2017\/11\/Piano_neu_1_tforte.jpg","type":"image\/jpeg"}],"twitter_card":"summary_large_image","twitter_misc":{"Dur\u00e9e de lecture estim\u00e9e":"1 minute"},"schema":{"@context":"https:\/\/schema.org","@graph":[{"@type":"WebPage","@id":"https:\/\/forteairolo.ch\/museo\/","url":"https:\/\/forteairolo.ch\/museo\/","name":"Mus\u00e9e - Forte Airolo","isPartOf":{"@id":"https:\/\/forteairolo.ch\/#website"},"primaryImageOfPage":{"@id":"https:\/\/forteairolo.ch\/museo\/#primaryimage"},"image":{"@id":"https:\/\/forteairolo.ch\/museo\/#primaryimage"},"thumbnailUrl":"https:\/\/forteairolo.ch\/wp-content\/uploads\/2017\/11\/Piano_neu_1_tforte.jpg","datePublished":"2017-10-20T14:08:02+00:00","dateModified":"2018-01-24T14:37:52+00:00","breadcrumb":{"@id":"https:\/\/forteairolo.ch\/museo\/#breadcrumb"},"inLanguage":"fr-FR","potentialAction":[{"@type":"ReadAction","target":["https:\/\/forteairolo.ch\/museo\/"]}]},{"@type":"ImageObject","inLanguage":"fr-FR","@id":"https:\/\/forteairolo.ch\/museo\/#primaryimage","url":"https:\/\/forteairolo.ch\/wp-content\/uploads\/2017\/11\/Piano_neu_1_tforte.jpg","contentUrl":"https:\/\/forteairolo.ch\/wp-content\/uploads\/2017\/11\/Piano_neu_1_tforte.jpg"},{"@type":"BreadcrumbList","@id":"https:\/\/forteairolo.ch\/museo\/#breadcrumb","itemListElement":[{"@type":"ListItem","position":1,"name":"Home","item":"https:\/\/forteairolo.ch\/fr\/"},{"@type":"ListItem","position":2,"name":"Mus\u00e9e"}]},{"@type":"WebSite","@id":"https:\/\/forteairolo.ch\/#website","url":"https:\/\/forteairolo.ch\/","name":"Forte Airolo","description":"","potentialAction":[{"@type":"SearchAction","target":{"@type":"EntryPoint","urlTemplate":"https:\/\/forteairolo.ch\/?s={search_term_string}"},"query-input":{"@type":"PropertyValueSpecification","valueRequired":true,"valueName":"search_term_string"}}],"inLanguage":"fr-FR"}]}},"_links":{"self":[{"href":"https:\/\/forteairolo.ch\/fr\/wp-json\/wp\/v2\/pages\/705","targetHints":{"allow":["GET"]}}],"collection":[{"href":"https:\/\/forteairolo.ch\/fr\/wp-json\/wp\/v2\/pages"}],"about":[{"href":"https:\/\/forteairolo.ch\/fr\/wp-json\/wp\/v2\/types\/page"}],"author":[{"embeddable":true,"href":"https:\/\/forteairolo.ch\/fr\/wp-json\/wp\/v2\/users\/1"}],"replies":[{"embeddable":true,"href":"https:\/\/forteairolo.ch\/fr\/wp-json\/wp\/v2\/comments?post=705"}],"version-history":[{"count":2,"href":"https:\/\/forteairolo.ch\/fr\/wp-json\/wp\/v2\/pages\/705\/revisions"}],"predecessor-version":[{"id":711,"href":"https:\/\/forteairolo.ch\/fr\/wp-json\/wp\/v2\/pages\/705\/revisions\/711"}],"wp:attachment":[{"href":"https:\/\/forteairolo.ch\/fr\/wp-json\/wp\/v2\/media?parent=705"}],"curies":[{"name":"wp","href":"https:\/\/api.w.org\/{rel}","templated":true}]}}