{"id":713,"date":"2017-10-23T09:43:43","date_gmt":"2017-10-23T09:43:43","guid":{"rendered":"http:\/\/1.forteairolo.ch\/wordpress\/storia-2\/"},"modified":"2018-03-13T09:05:17","modified_gmt":"2018-03-13T09:05:17","slug":"storia-2","status":"publish","type":"page","link":"https:\/\/forteairolo.ch\/fr\/storia-2\/","title":{"rendered":"L&rsquo;histoire"},"content":{"rendered":"<p>Avec l\u2019ouverture du tunnel ferroviaire en 1882, l\u2019axe ferroviaire du Saint-Gothard devient la voie de transit nord-sud de l\u2019Europe la plus courte. Cette m\u00eame ann\u00e9e, l\u2019Italie signe un pacte avec l\u2019empire germanique et l\u2019empire austro-hongrois connu sous le nom de Triplice. Cet accord, clairement dirig\u00e9 militairement contre la France, risque, dans une Europe des nations encore jeunes, de ramener, comme en 1798-99 lors du passage de l\u2019arm\u00e9e russe de Souvorov, la guerre en Suisse. La Conf\u00e9d\u00e9ration helv\u00e9tique d\u00e9cide donc de fortifier le portail sud du tunnel du Saint-Gothard.<\/p>\n<p>Le tunnel pourrait devenir en cas d\u2019attaque contre la France un axe de transport important entre l\u2019Italie et l\u2019Allemagne. Le chemin de fer est en outre important pour d\u00e9placer les troupes f\u00e9d\u00e9rales au sud des Alpes en cas de volont\u00e9 d\u2019annexion du Tessin par l\u2019Italie.<\/p>\n<p>Apr\u00e8s de nombreuses discussions et planifications, la d\u00e9cision de construire le fort est prise en 1886.<\/p>\n<p>Plusieurs centaines de travailleurs poursuivent leur travail jusqu\u2019en 1890, mais d\u00e9j\u00e0 en 1889 les premiers cours d\u2019instruction pour les troupes de forteresse sont tenus dans le fort. Le fort Airolo, actif durant le premier et second conflit mondial, est rest\u00e9 le berceau de ces troupes jusqu\u2019en 1946. La tourelle principale arm\u00e9e de deux canons de 12cm 1882 a tir\u00e9 plus de 30&rsquo;000 coups durant cette p\u00e9riode d\u2019instruction\u00a0! Encore aujourd\u2019hui le fort Airolo est utilis\u00e9 comme cantonnement de l\u2019\u00e9cole de recrues qui se trouve \u00e0 Airolo.<\/p>\n<p>&nbsp;<\/p>\n<figure id=\"attachment_527\" aria-describedby=\"caption-attachment-527\" style=\"width: 1000px\" class=\"wp-caption alignnone\"><img loading=\"lazy\" decoding=\"async\" class=\"size-full wp-image-527\" src=\"https:\/\/forteairolo.ch\/wp-content\/uploads\/2017\/11\/8_kl-1.jpg\" alt=\"\" width=\"1000\" height=\"635\" srcset=\"https:\/\/forteairolo.ch\/wp-content\/uploads\/2017\/11\/8_kl-1.jpg 1000w, https:\/\/forteairolo.ch\/wp-content\/uploads\/2017\/11\/8_kl-1-300x191.jpg 300w, https:\/\/forteairolo.ch\/wp-content\/uploads\/2017\/11\/8_kl-1-768x488.jpg 768w, https:\/\/forteairolo.ch\/wp-content\/uploads\/2017\/11\/8_kl-1-830x527.jpg 830w, https:\/\/forteairolo.ch\/wp-content\/uploads\/2017\/11\/8_kl-1-230x146.jpg 230w, https:\/\/forteairolo.ch\/wp-content\/uploads\/2017\/11\/8_kl-1-350x222.jpg 350w, https:\/\/forteairolo.ch\/wp-content\/uploads\/2017\/11\/8_kl-1-480x305.jpg 480w\" sizes=\"auto, (max-width: 1000px) 100vw, 1000px\" \/><figcaption id=\"caption-attachment-527\" class=\"wp-caption-text\">Personnel du bureau de construction des fortifications<\/figcaption><\/figure>\n","protected":false},"excerpt":{"rendered":"<p>Avec l\u2019ouverture du tunnel ferroviaire en 1882, l\u2019axe ferroviaire du Saint-Gothard devient la voie de transit nord-sud de l\u2019Europe la plus courte. [&hellip;]<\/p>\n","protected":false},"author":1,"featured_media":0,"parent":0,"menu_order":0,"comment_status":"closed","ping_status":"closed","template":"page-templates\/page_fullwidth.php","meta":{"footnotes":""},"class_list":["post-713","page","type-page","status-publish","hentry"],"yoast_head":"<!-- This site is optimized with the Yoast SEO plugin v24.5 - https:\/\/yoast.com\/wordpress\/plugins\/seo\/ -->\n<title>L&#039;histoire - Forte Airolo<\/title>\n<meta name=\"robots\" content=\"index, follow, max-snippet:-1, max-image-preview:large, max-video-preview:-1\" \/>\n<link rel=\"canonical\" href=\"https:\/\/forteairolo.ch\/fr\/storia-2\/\" \/>\n<meta property=\"og:locale\" content=\"fr_FR\" \/>\n<meta property=\"og:type\" content=\"article\" \/>\n<meta property=\"og:title\" content=\"L&#039;histoire - Forte Airolo\" \/>\n<meta property=\"og:description\" content=\"Avec l\u2019ouverture du tunnel ferroviaire en 1882, l\u2019axe ferroviaire du Saint-Gothard devient la voie de transit nord-sud de l\u2019Europe la plus courte. [&hellip;]\" \/>\n<meta property=\"og:url\" content=\"https:\/\/forteairolo.ch\/fr\/storia-2\/\" \/>\n<meta property=\"og:site_name\" content=\"Forte Airolo\" \/>\n<meta property=\"article:modified_time\" content=\"2018-03-13T09:05:17+00:00\" \/>\n<meta property=\"og:image\" content=\"https:\/\/forteairolo.ch\/wp-content\/uploads\/2017\/11\/8_kl-1.jpg\" \/>\n\t<meta property=\"og:image:width\" content=\"1000\" \/>\n\t<meta property=\"og:image:height\" content=\"635\" \/>\n\t<meta property=\"og:image:type\" content=\"image\/jpeg\" \/>\n<meta name=\"twitter:card\" content=\"summary_large_image\" \/>\n<meta name=\"twitter:label1\" content=\"Dur\u00e9e de lecture estim\u00e9e\" \/>\n\t<meta name=\"twitter:data1\" content=\"1 minute\" \/>\n<script type=\"application\/ld+json\" class=\"yoast-schema-graph\">{\"@context\":\"https:\/\/schema.org\",\"@graph\":[{\"@type\":\"WebPage\",\"@id\":\"https:\/\/forteairolo.ch\/fr\/storia-2\/\",\"url\":\"https:\/\/forteairolo.ch\/fr\/storia-2\/\",\"name\":\"L'histoire - Forte Airolo\",\"isPartOf\":{\"@id\":\"https:\/\/forteairolo.ch\/#website\"},\"primaryImageOfPage\":{\"@id\":\"https:\/\/forteairolo.ch\/fr\/storia-2\/#primaryimage\"},\"image\":{\"@id\":\"https:\/\/forteairolo.ch\/fr\/storia-2\/#primaryimage\"},\"thumbnailUrl\":\"https:\/\/forteairolo.ch\/wp-content\/uploads\/2017\/11\/8_kl-1.jpg\",\"datePublished\":\"2017-10-23T09:43:43+00:00\",\"dateModified\":\"2018-03-13T09:05:17+00:00\",\"breadcrumb\":{\"@id\":\"https:\/\/forteairolo.ch\/fr\/storia-2\/#breadcrumb\"},\"inLanguage\":\"fr-FR\",\"potentialAction\":[{\"@type\":\"ReadAction\",\"target\":[\"https:\/\/forteairolo.ch\/fr\/storia-2\/\"]}]},{\"@type\":\"ImageObject\",\"inLanguage\":\"fr-FR\",\"@id\":\"https:\/\/forteairolo.ch\/fr\/storia-2\/#primaryimage\",\"url\":\"https:\/\/forteairolo.ch\/wp-content\/uploads\/2017\/11\/8_kl-1.jpg\",\"contentUrl\":\"https:\/\/forteairolo.ch\/wp-content\/uploads\/2017\/11\/8_kl-1.jpg\"},{\"@type\":\"BreadcrumbList\",\"@id\":\"https:\/\/forteairolo.ch\/fr\/storia-2\/#breadcrumb\",\"itemListElement\":[{\"@type\":\"ListItem\",\"position\":1,\"name\":\"Home\",\"item\":\"https:\/\/forteairolo.ch\/fr\/\"},{\"@type\":\"ListItem\",\"position\":2,\"name\":\"L&#8217;histoire\"}]},{\"@type\":\"WebSite\",\"@id\":\"https:\/\/forteairolo.ch\/#website\",\"url\":\"https:\/\/forteairolo.ch\/\",\"name\":\"Forte Airolo\",\"description\":\"\",\"potentialAction\":[{\"@type\":\"SearchAction\",\"target\":{\"@type\":\"EntryPoint\",\"urlTemplate\":\"https:\/\/forteairolo.ch\/?s={search_term_string}\"},\"query-input\":{\"@type\":\"PropertyValueSpecification\",\"valueRequired\":true,\"valueName\":\"search_term_string\"}}],\"inLanguage\":\"fr-FR\"}]}<\/script>\n<!-- \/ Yoast SEO plugin. -->","yoast_head_json":{"title":"L'histoire - Forte Airolo","robots":{"index":"index","follow":"follow","max-snippet":"max-snippet:-1","max-image-preview":"max-image-preview:large","max-video-preview":"max-video-preview:-1"},"canonical":"https:\/\/forteairolo.ch\/fr\/storia-2\/","og_locale":"fr_FR","og_type":"article","og_title":"L'histoire - Forte Airolo","og_description":"Avec l\u2019ouverture du tunnel ferroviaire en 1882, l\u2019axe ferroviaire du Saint-Gothard devient la voie de transit nord-sud de l\u2019Europe la plus courte. [&hellip;]","og_url":"https:\/\/forteairolo.ch\/fr\/storia-2\/","og_site_name":"Forte Airolo","article_modified_time":"2018-03-13T09:05:17+00:00","og_image":[{"width":1000,"height":635,"url":"https:\/\/forteairolo.ch\/wp-content\/uploads\/2017\/11\/8_kl-1.jpg","type":"image\/jpeg"}],"twitter_card":"summary_large_image","twitter_misc":{"Dur\u00e9e de lecture estim\u00e9e":"1 minute"},"schema":{"@context":"https:\/\/schema.org","@graph":[{"@type":"WebPage","@id":"https:\/\/forteairolo.ch\/fr\/storia-2\/","url":"https:\/\/forteairolo.ch\/fr\/storia-2\/","name":"L'histoire - Forte Airolo","isPartOf":{"@id":"https:\/\/forteairolo.ch\/#website"},"primaryImageOfPage":{"@id":"https:\/\/forteairolo.ch\/fr\/storia-2\/#primaryimage"},"image":{"@id":"https:\/\/forteairolo.ch\/fr\/storia-2\/#primaryimage"},"thumbnailUrl":"https:\/\/forteairolo.ch\/wp-content\/uploads\/2017\/11\/8_kl-1.jpg","datePublished":"2017-10-23T09:43:43+00:00","dateModified":"2018-03-13T09:05:17+00:00","breadcrumb":{"@id":"https:\/\/forteairolo.ch\/fr\/storia-2\/#breadcrumb"},"inLanguage":"fr-FR","potentialAction":[{"@type":"ReadAction","target":["https:\/\/forteairolo.ch\/fr\/storia-2\/"]}]},{"@type":"ImageObject","inLanguage":"fr-FR","@id":"https:\/\/forteairolo.ch\/fr\/storia-2\/#primaryimage","url":"https:\/\/forteairolo.ch\/wp-content\/uploads\/2017\/11\/8_kl-1.jpg","contentUrl":"https:\/\/forteairolo.ch\/wp-content\/uploads\/2017\/11\/8_kl-1.jpg"},{"@type":"BreadcrumbList","@id":"https:\/\/forteairolo.ch\/fr\/storia-2\/#breadcrumb","itemListElement":[{"@type":"ListItem","position":1,"name":"Home","item":"https:\/\/forteairolo.ch\/fr\/"},{"@type":"ListItem","position":2,"name":"L&#8217;histoire"}]},{"@type":"WebSite","@id":"https:\/\/forteairolo.ch\/#website","url":"https:\/\/forteairolo.ch\/","name":"Forte Airolo","description":"","potentialAction":[{"@type":"SearchAction","target":{"@type":"EntryPoint","urlTemplate":"https:\/\/forteairolo.ch\/?s={search_term_string}"},"query-input":{"@type":"PropertyValueSpecification","valueRequired":true,"valueName":"search_term_string"}}],"inLanguage":"fr-FR"}]}},"_links":{"self":[{"href":"https:\/\/forteairolo.ch\/fr\/wp-json\/wp\/v2\/pages\/713","targetHints":{"allow":["GET"]}}],"collection":[{"href":"https:\/\/forteairolo.ch\/fr\/wp-json\/wp\/v2\/pages"}],"about":[{"href":"https:\/\/forteairolo.ch\/fr\/wp-json\/wp\/v2\/types\/page"}],"author":[{"embeddable":true,"href":"https:\/\/forteairolo.ch\/fr\/wp-json\/wp\/v2\/users\/1"}],"replies":[{"embeddable":true,"href":"https:\/\/forteairolo.ch\/fr\/wp-json\/wp\/v2\/comments?post=713"}],"version-history":[{"count":4,"href":"https:\/\/forteairolo.ch\/fr\/wp-json\/wp\/v2\/pages\/713\/revisions"}],"predecessor-version":[{"id":1579,"href":"https:\/\/forteairolo.ch\/fr\/wp-json\/wp\/v2\/pages\/713\/revisions\/1579"}],"wp:attachment":[{"href":"https:\/\/forteairolo.ch\/fr\/wp-json\/wp\/v2\/media?parent=713"}],"curies":[{"name":"wp","href":"https:\/\/api.w.org\/{rel}","templated":true}]}}