{"id":723,"date":"2017-10-20T14:09:34","date_gmt":"2017-10-20T14:09:34","guid":{"rendered":"http:\/\/1.forteairolo.ch\/wordpress\/orari\/"},"modified":"2024-03-04T09:07:25","modified_gmt":"2024-03-04T09:07:25","slug":"orari","status":"publish","type":"page","link":"https:\/\/forteairolo.ch\/fr\/orari\/","title":{"rendered":"Prix et heures d\u2019ouverture"},"content":{"rendered":"<p><strong>Groupes<\/strong><br \/>\n<strong>Adultes \/ AVS \/ \u00c9tudiants \/ Militaires<\/strong><br \/>\nVisite guid\u00e9e (Minimum Fr. 100.-\/Groupe)<br \/>\nPrix par personne: Adultes Fr. 10.-, AVS \/ \u00c9tudiants \/ Militaires Fr. 7.-<\/p>\n<p><strong>\u00c9coles (\u00c9coliers de moins de 15 ans)<\/strong><br \/>\nVisite guid\u00e9e (Minimum Fr. 70.-\/Groupe)<br \/>\nPrix par personne: Adultes Fr. 10.-, \u00c9colier Fr. 5.-<\/p>\n<p><strong>Visites guid\u00e9es chaque premier samedi du mois de juin \u00e0 octobre \u00e0 13.30 et 15.00 heures<\/strong><br \/>\nAdultes Fr. 10.\u2013<br \/>\nAVS et \u00e9tudiants Fr. 7.\u2013<br \/>\nEnfants de moins de 15 ans Fr. 5.\u2013<\/p>\n<p>La visite guid\u00e9e dure environ 60-90 minutes<br \/>\nPour les groupes et les classes d\u2019\u00e9cole il est possible de r\u00e9server hors saison et hors horaire propos\u00e9 toute l\u2019ann\u00e9e. Il est aussi possible de visiter le fortin de d\u00e9fense au d\u00e9bouch\u00e9 du tunnel ferroviaire ainsi que le fort de Foppa Grande.<\/p>\n<p>Pour informations et r\u00e9servations :<br \/>\nT\u00e9l. +41(0)79 794 32 92, email : forteairolo(at)gmail.com<br \/>\nou<br \/>\nOrganizzazione Turistica Regionale Bellinzonese e Alto Ticino<br \/>\nVia della Stazione 22, CH-6780 Airolo<br \/>\nT\u00e9l. +41 (0) 91 869 15 33<\/p>\n<p><a href=\"http:\/\/forteairolo.ch\/wp-content\/uploads\/2018\/03\/Formulaire-dinscription-F.docx\">Formulaire pour les inscriptions \u00e0 t\u00e9l\u00e9charger<\/a><\/p>\n<p>&nbsp;<\/p>\n","protected":false},"excerpt":{"rendered":"<p>Groupes Adultes \/ AVS \/ \u00c9tudiants \/ Militaires Visite guid\u00e9e (Minimum Fr. 100.-\/Groupe) Prix par personne: Adultes Fr. 10.-, AVS \/ \u00c9tudiants [&hellip;]<\/p>\n","protected":false},"author":1,"featured_media":0,"parent":0,"menu_order":0,"comment_status":"closed","ping_status":"closed","template":"page-templates\/page_fullwidth.php","meta":{"footnotes":""},"class_list":["post-723","page","type-page","status-publish","hentry"],"yoast_head":"<!-- This site is optimized with the Yoast SEO plugin v24.5 - https:\/\/yoast.com\/wordpress\/plugins\/seo\/ -->\n<title>Prix et heures d\u2019ouverture - Forte Airolo<\/title>\n<meta name=\"robots\" content=\"index, follow, max-snippet:-1, max-image-preview:large, max-video-preview:-1\" \/>\n<link rel=\"canonical\" href=\"https:\/\/forteairolo.ch\/fr\/orari\/\" \/>\n<meta property=\"og:locale\" content=\"fr_FR\" \/>\n<meta property=\"og:type\" content=\"article\" \/>\n<meta property=\"og:title\" content=\"Prix et heures d\u2019ouverture - Forte Airolo\" \/>\n<meta property=\"og:description\" content=\"Groupes Adultes \/ AVS \/ \u00c9tudiants \/ Militaires Visite guid\u00e9e (Minimum Fr. 100.-\/Groupe) Prix par personne: Adultes Fr. 10.-, AVS \/ \u00c9tudiants [&hellip;]\" \/>\n<meta property=\"og:url\" content=\"https:\/\/forteairolo.ch\/fr\/orari\/\" \/>\n<meta property=\"og:site_name\" content=\"Forte Airolo\" \/>\n<meta property=\"article:modified_time\" content=\"2024-03-04T09:07:25+00:00\" \/>\n<meta name=\"twitter:card\" content=\"summary_large_image\" \/>\n<meta name=\"twitter:label1\" content=\"Dur\u00e9e de lecture estim\u00e9e\" \/>\n\t<meta name=\"twitter:data1\" content=\"1 minute\" \/>\n<script type=\"application\/ld+json\" class=\"yoast-schema-graph\">{\"@context\":\"https:\/\/schema.org\",\"@graph\":[{\"@type\":\"WebPage\",\"@id\":\"https:\/\/forteairolo.ch\/fr\/orari\/\",\"url\":\"https:\/\/forteairolo.ch\/fr\/orari\/\",\"name\":\"Prix et heures d\u2019ouverture - Forte Airolo\",\"isPartOf\":{\"@id\":\"https:\/\/forteairolo.ch\/#website\"},\"datePublished\":\"2017-10-20T14:09:34+00:00\",\"dateModified\":\"2024-03-04T09:07:25+00:00\",\"breadcrumb\":{\"@id\":\"https:\/\/forteairolo.ch\/fr\/orari\/#breadcrumb\"},\"inLanguage\":\"fr-FR\",\"potentialAction\":[{\"@type\":\"ReadAction\",\"target\":[\"https:\/\/forteairolo.ch\/fr\/orari\/\"]}]},{\"@type\":\"BreadcrumbList\",\"@id\":\"https:\/\/forteairolo.ch\/fr\/orari\/#breadcrumb\",\"itemListElement\":[{\"@type\":\"ListItem\",\"position\":1,\"name\":\"Home\",\"item\":\"https:\/\/forteairolo.ch\/fr\/\"},{\"@type\":\"ListItem\",\"position\":2,\"name\":\"Prix et heures d\u2019ouverture\"}]},{\"@type\":\"WebSite\",\"@id\":\"https:\/\/forteairolo.ch\/#website\",\"url\":\"https:\/\/forteairolo.ch\/\",\"name\":\"Forte Airolo\",\"description\":\"\",\"potentialAction\":[{\"@type\":\"SearchAction\",\"target\":{\"@type\":\"EntryPoint\",\"urlTemplate\":\"https:\/\/forteairolo.ch\/?s={search_term_string}\"},\"query-input\":{\"@type\":\"PropertyValueSpecification\",\"valueRequired\":true,\"valueName\":\"search_term_string\"}}],\"inLanguage\":\"fr-FR\"}]}<\/script>\n<!-- \/ Yoast SEO plugin. -->","yoast_head_json":{"title":"Prix et heures d\u2019ouverture - Forte Airolo","robots":{"index":"index","follow":"follow","max-snippet":"max-snippet:-1","max-image-preview":"max-image-preview:large","max-video-preview":"max-video-preview:-1"},"canonical":"https:\/\/forteairolo.ch\/fr\/orari\/","og_locale":"fr_FR","og_type":"article","og_title":"Prix et heures d\u2019ouverture - Forte Airolo","og_description":"Groupes Adultes \/ AVS \/ \u00c9tudiants \/ Militaires Visite guid\u00e9e (Minimum Fr. 100.-\/Groupe) Prix par personne: Adultes Fr. 10.-, AVS \/ \u00c9tudiants [&hellip;]","og_url":"https:\/\/forteairolo.ch\/fr\/orari\/","og_site_name":"Forte Airolo","article_modified_time":"2024-03-04T09:07:25+00:00","twitter_card":"summary_large_image","twitter_misc":{"Dur\u00e9e de lecture estim\u00e9e":"1 minute"},"schema":{"@context":"https:\/\/schema.org","@graph":[{"@type":"WebPage","@id":"https:\/\/forteairolo.ch\/fr\/orari\/","url":"https:\/\/forteairolo.ch\/fr\/orari\/","name":"Prix et heures d\u2019ouverture - Forte Airolo","isPartOf":{"@id":"https:\/\/forteairolo.ch\/#website"},"datePublished":"2017-10-20T14:09:34+00:00","dateModified":"2024-03-04T09:07:25+00:00","breadcrumb":{"@id":"https:\/\/forteairolo.ch\/fr\/orari\/#breadcrumb"},"inLanguage":"fr-FR","potentialAction":[{"@type":"ReadAction","target":["https:\/\/forteairolo.ch\/fr\/orari\/"]}]},{"@type":"BreadcrumbList","@id":"https:\/\/forteairolo.ch\/fr\/orari\/#breadcrumb","itemListElement":[{"@type":"ListItem","position":1,"name":"Home","item":"https:\/\/forteairolo.ch\/fr\/"},{"@type":"ListItem","position":2,"name":"Prix et heures d\u2019ouverture"}]},{"@type":"WebSite","@id":"https:\/\/forteairolo.ch\/#website","url":"https:\/\/forteairolo.ch\/","name":"Forte Airolo","description":"","potentialAction":[{"@type":"SearchAction","target":{"@type":"EntryPoint","urlTemplate":"https:\/\/forteairolo.ch\/?s={search_term_string}"},"query-input":{"@type":"PropertyValueSpecification","valueRequired":true,"valueName":"search_term_string"}}],"inLanguage":"fr-FR"}]}},"_links":{"self":[{"href":"https:\/\/forteairolo.ch\/fr\/wp-json\/wp\/v2\/pages\/723","targetHints":{"allow":["GET"]}}],"collection":[{"href":"https:\/\/forteairolo.ch\/fr\/wp-json\/wp\/v2\/pages"}],"about":[{"href":"https:\/\/forteairolo.ch\/fr\/wp-json\/wp\/v2\/types\/page"}],"author":[{"embeddable":true,"href":"https:\/\/forteairolo.ch\/fr\/wp-json\/wp\/v2\/users\/1"}],"replies":[{"embeddable":true,"href":"https:\/\/forteairolo.ch\/fr\/wp-json\/wp\/v2\/comments?post=723"}],"version-history":[{"count":7,"href":"https:\/\/forteairolo.ch\/fr\/wp-json\/wp\/v2\/pages\/723\/revisions"}],"predecessor-version":[{"id":1767,"href":"https:\/\/forteairolo.ch\/fr\/wp-json\/wp\/v2\/pages\/723\/revisions\/1767"}],"wp:attachment":[{"href":"https:\/\/forteairolo.ch\/fr\/wp-json\/wp\/v2\/media?parent=723"}],"curies":[{"name":"wp","href":"https:\/\/api.w.org\/{rel}","templated":true}]}}