{"id":757,"date":"2017-10-20T14:08:38","date_gmt":"2017-10-20T14:08:38","guid":{"rendered":"http:\/\/1.forteairolo.ch\/wordpress\/storia\/"},"modified":"2018-05-03T20:03:59","modified_gmt":"2018-05-03T20:03:59","slug":"storia","status":"publish","type":"page","link":"https:\/\/forteairolo.ch\/fr\/storia\/","title":{"rendered":"Histoire"},"content":{"rendered":"<p><strong>L\u2019association des Amis du Fort Airolo<\/strong><\/p>\n<p>En 1991 l\u2019association des Amis du Fort Airolo a \u00e9t\u00e9 cr\u00e9\u00e9e afin de :<\/p>\n<ul>\n<li>sauvegarder le fort Airolo comme t\u00e9moin d\u2019importance nationale de l\u2019art de fortifier<\/li>\n<li>encourager et promouvoir les initiatives qui permettent de sauvegarder les t\u00e9moignages de l\u2019histoire militaire de la r\u00e9gion et du fort<\/li>\n<li>collaborer avec d\u2019autres institutions qui poursuivent les m\u00eames buts<\/li>\n<li>g\u00e9rer et diriger l\u2019exposition permanente pr\u00e9sente dans le fort Airolo en \u00e9troite collaboration avec les responsables du d\u00e9partement militaire f\u00e9d\u00e9ral (DMF aujourd\u2019hui DDPS) pr\u00e9sents sur la place d\u2019arme d\u2019Airolo.<\/li>\n<\/ul>\n<p>&nbsp;<\/p>\n<p>&nbsp;<\/p>\n<p>&nbsp;<\/p>\n","protected":false},"excerpt":{"rendered":"<p>L\u2019association des Amis du Fort Airolo En 1991 l\u2019association des Amis du Fort Airolo a \u00e9t\u00e9 cr\u00e9\u00e9e afin de : sauvegarder le [&hellip;]<\/p>\n","protected":false},"author":1,"featured_media":0,"parent":0,"menu_order":0,"comment_status":"closed","ping_status":"closed","template":"page-templates\/page_fullwidth.php","meta":{"footnotes":""},"class_list":["post-757","page","type-page","status-publish","hentry"],"yoast_head":"<!-- This site is optimized with the Yoast SEO plugin v24.5 - https:\/\/yoast.com\/wordpress\/plugins\/seo\/ -->\n<title>Histoire - Forte Airolo<\/title>\n<meta name=\"robots\" content=\"index, follow, max-snippet:-1, max-image-preview:large, max-video-preview:-1\" \/>\n<link rel=\"canonical\" href=\"https:\/\/forteairolo.ch\/fr\/storia\/\" \/>\n<meta property=\"og:locale\" content=\"fr_FR\" \/>\n<meta property=\"og:type\" content=\"article\" \/>\n<meta property=\"og:title\" content=\"Histoire - Forte Airolo\" \/>\n<meta property=\"og:description\" content=\"L\u2019association des Amis du Fort Airolo En 1991 l\u2019association des Amis du Fort Airolo a \u00e9t\u00e9 cr\u00e9\u00e9e afin de : sauvegarder le [&hellip;]\" \/>\n<meta property=\"og:url\" content=\"https:\/\/forteairolo.ch\/fr\/storia\/\" \/>\n<meta property=\"og:site_name\" content=\"Forte Airolo\" \/>\n<meta property=\"article:modified_time\" content=\"2018-05-03T20:03:59+00:00\" \/>\n<meta name=\"twitter:card\" content=\"summary_large_image\" \/>\n<meta name=\"twitter:label1\" content=\"Dur\u00e9e de lecture estim\u00e9e\" \/>\n\t<meta name=\"twitter:data1\" content=\"1 minute\" \/>\n<script type=\"application\/ld+json\" class=\"yoast-schema-graph\">{\"@context\":\"https:\/\/schema.org\",\"@graph\":[{\"@type\":\"WebPage\",\"@id\":\"https:\/\/forteairolo.ch\/fr\/storia\/\",\"url\":\"https:\/\/forteairolo.ch\/fr\/storia\/\",\"name\":\"Histoire - Forte Airolo\",\"isPartOf\":{\"@id\":\"https:\/\/forteairolo.ch\/#website\"},\"datePublished\":\"2017-10-20T14:08:38+00:00\",\"dateModified\":\"2018-05-03T20:03:59+00:00\",\"breadcrumb\":{\"@id\":\"https:\/\/forteairolo.ch\/fr\/storia\/#breadcrumb\"},\"inLanguage\":\"fr-FR\",\"potentialAction\":[{\"@type\":\"ReadAction\",\"target\":[\"https:\/\/forteairolo.ch\/fr\/storia\/\"]}]},{\"@type\":\"BreadcrumbList\",\"@id\":\"https:\/\/forteairolo.ch\/fr\/storia\/#breadcrumb\",\"itemListElement\":[{\"@type\":\"ListItem\",\"position\":1,\"name\":\"Home\",\"item\":\"https:\/\/forteairolo.ch\/fr\/\"},{\"@type\":\"ListItem\",\"position\":2,\"name\":\"Histoire\"}]},{\"@type\":\"WebSite\",\"@id\":\"https:\/\/forteairolo.ch\/#website\",\"url\":\"https:\/\/forteairolo.ch\/\",\"name\":\"Forte Airolo\",\"description\":\"\",\"potentialAction\":[{\"@type\":\"SearchAction\",\"target\":{\"@type\":\"EntryPoint\",\"urlTemplate\":\"https:\/\/forteairolo.ch\/?s={search_term_string}\"},\"query-input\":{\"@type\":\"PropertyValueSpecification\",\"valueRequired\":true,\"valueName\":\"search_term_string\"}}],\"inLanguage\":\"fr-FR\"}]}<\/script>\n<!-- \/ Yoast SEO plugin. -->","yoast_head_json":{"title":"Histoire - Forte Airolo","robots":{"index":"index","follow":"follow","max-snippet":"max-snippet:-1","max-image-preview":"max-image-preview:large","max-video-preview":"max-video-preview:-1"},"canonical":"https:\/\/forteairolo.ch\/fr\/storia\/","og_locale":"fr_FR","og_type":"article","og_title":"Histoire - Forte Airolo","og_description":"L\u2019association des Amis du Fort Airolo En 1991 l\u2019association des Amis du Fort Airolo a \u00e9t\u00e9 cr\u00e9\u00e9e afin de : sauvegarder le [&hellip;]","og_url":"https:\/\/forteairolo.ch\/fr\/storia\/","og_site_name":"Forte Airolo","article_modified_time":"2018-05-03T20:03:59+00:00","twitter_card":"summary_large_image","twitter_misc":{"Dur\u00e9e de lecture estim\u00e9e":"1 minute"},"schema":{"@context":"https:\/\/schema.org","@graph":[{"@type":"WebPage","@id":"https:\/\/forteairolo.ch\/fr\/storia\/","url":"https:\/\/forteairolo.ch\/fr\/storia\/","name":"Histoire - Forte Airolo","isPartOf":{"@id":"https:\/\/forteairolo.ch\/#website"},"datePublished":"2017-10-20T14:08:38+00:00","dateModified":"2018-05-03T20:03:59+00:00","breadcrumb":{"@id":"https:\/\/forteairolo.ch\/fr\/storia\/#breadcrumb"},"inLanguage":"fr-FR","potentialAction":[{"@type":"ReadAction","target":["https:\/\/forteairolo.ch\/fr\/storia\/"]}]},{"@type":"BreadcrumbList","@id":"https:\/\/forteairolo.ch\/fr\/storia\/#breadcrumb","itemListElement":[{"@type":"ListItem","position":1,"name":"Home","item":"https:\/\/forteairolo.ch\/fr\/"},{"@type":"ListItem","position":2,"name":"Histoire"}]},{"@type":"WebSite","@id":"https:\/\/forteairolo.ch\/#website","url":"https:\/\/forteairolo.ch\/","name":"Forte Airolo","description":"","potentialAction":[{"@type":"SearchAction","target":{"@type":"EntryPoint","urlTemplate":"https:\/\/forteairolo.ch\/?s={search_term_string}"},"query-input":{"@type":"PropertyValueSpecification","valueRequired":true,"valueName":"search_term_string"}}],"inLanguage":"fr-FR"}]}},"_links":{"self":[{"href":"https:\/\/forteairolo.ch\/fr\/wp-json\/wp\/v2\/pages\/757","targetHints":{"allow":["GET"]}}],"collection":[{"href":"https:\/\/forteairolo.ch\/fr\/wp-json\/wp\/v2\/pages"}],"about":[{"href":"https:\/\/forteairolo.ch\/fr\/wp-json\/wp\/v2\/types\/page"}],"author":[{"embeddable":true,"href":"https:\/\/forteairolo.ch\/fr\/wp-json\/wp\/v2\/users\/1"}],"replies":[{"embeddable":true,"href":"https:\/\/forteairolo.ch\/fr\/wp-json\/wp\/v2\/comments?post=757"}],"version-history":[{"count":5,"href":"https:\/\/forteairolo.ch\/fr\/wp-json\/wp\/v2\/pages\/757\/revisions"}],"predecessor-version":[{"id":1666,"href":"https:\/\/forteairolo.ch\/fr\/wp-json\/wp\/v2\/pages\/757\/revisions\/1666"}],"wp:attachment":[{"href":"https:\/\/forteairolo.ch\/fr\/wp-json\/wp\/v2\/media?parent=757"}],"curies":[{"name":"wp","href":"https:\/\/api.w.org\/{rel}","templated":true}]}}