{"id":808,"date":"2017-10-20T14:11:20","date_gmt":"2017-10-20T14:11:20","guid":{"rendered":"http:\/\/1.forteairolo.ch\/wordpress\/come-arrivare\/"},"modified":"2018-01-30T16:57:54","modified_gmt":"2018-01-30T16:57:54","slug":"come-arrivare","status":"publish","type":"page","link":"https:\/\/forteairolo.ch\/fr\/come-arrivare\/","title":{"rendered":"Acc\u00e8s"},"content":{"rendered":"<p><strong>Comment arriver au fort<\/strong><\/p>\n<p>Le fort d\u2019Airolo se trouve sur la place d\u2019arme d\u2019Airolo \u00e0 5 minutes en voiture depuis la gare CFF ou \u00e0 environ 30 minutes \u00e0 pied\u00a0; durant la saison d\u2019\u00e9t\u00e9 un service de car postal vous permet de rejoindre confortablement le fort.<\/p>\n<p><img loading=\"lazy\" decoding=\"async\" class=\"alignnone size-full wp-image-377\" src=\"https:\/\/forteairolo.ch\/wp-content\/uploads\/2017\/10\/CARTINA_1zu1.jpg\" alt=\"\" width=\"1000\" height=\"579\" srcset=\"https:\/\/forteairolo.ch\/wp-content\/uploads\/2017\/10\/CARTINA_1zu1.jpg 1000w, https:\/\/forteairolo.ch\/wp-content\/uploads\/2017\/10\/CARTINA_1zu1-300x174.jpg 300w, https:\/\/forteairolo.ch\/wp-content\/uploads\/2017\/10\/CARTINA_1zu1-768x445.jpg 768w, https:\/\/forteairolo.ch\/wp-content\/uploads\/2017\/10\/CARTINA_1zu1-830x481.jpg 830w, https:\/\/forteairolo.ch\/wp-content\/uploads\/2017\/10\/CARTINA_1zu1-230x133.jpg 230w, https:\/\/forteairolo.ch\/wp-content\/uploads\/2017\/10\/CARTINA_1zu1-350x203.jpg 350w, https:\/\/forteairolo.ch\/wp-content\/uploads\/2017\/10\/CARTINA_1zu1-480x278.jpg 480w\" sizes=\"auto, (max-width: 1000px) 100vw, 1000px\" \/><\/p>\n","protected":false},"excerpt":{"rendered":"<p>Comment arriver au fort Le fort d\u2019Airolo se trouve sur la place d\u2019arme d\u2019Airolo \u00e0 5 minutes en voiture depuis la gare [&hellip;]<\/p>\n","protected":false},"author":1,"featured_media":0,"parent":0,"menu_order":0,"comment_status":"closed","ping_status":"closed","template":"page-templates\/page_fullwidth.php","meta":{"footnotes":""},"class_list":["post-808","page","type-page","status-publish","hentry"],"yoast_head":"<!-- This site is optimized with the Yoast SEO plugin v24.5 - https:\/\/yoast.com\/wordpress\/plugins\/seo\/ -->\n<title>Acc\u00e8s - Forte Airolo<\/title>\n<meta name=\"robots\" content=\"index, follow, max-snippet:-1, max-image-preview:large, max-video-preview:-1\" \/>\n<link rel=\"canonical\" href=\"https:\/\/forteairolo.ch\/fr\/come-arrivare\/\" \/>\n<meta property=\"og:locale\" content=\"fr_FR\" \/>\n<meta property=\"og:type\" content=\"article\" \/>\n<meta property=\"og:title\" content=\"Acc\u00e8s - Forte Airolo\" \/>\n<meta property=\"og:description\" content=\"Comment arriver au fort Le fort d\u2019Airolo se trouve sur la place d\u2019arme d\u2019Airolo \u00e0 5 minutes en voiture depuis la gare [&hellip;]\" \/>\n<meta property=\"og:url\" content=\"https:\/\/forteairolo.ch\/fr\/come-arrivare\/\" \/>\n<meta property=\"og:site_name\" content=\"Forte Airolo\" \/>\n<meta property=\"article:modified_time\" content=\"2018-01-30T16:57:54+00:00\" \/>\n<meta property=\"og:image\" content=\"https:\/\/forteairolo.ch\/wp-content\/uploads\/2017\/10\/CARTINA_1zu1.jpg\" \/>\n\t<meta property=\"og:image:width\" content=\"1000\" \/>\n\t<meta property=\"og:image:height\" content=\"579\" \/>\n\t<meta property=\"og:image:type\" content=\"image\/jpeg\" \/>\n<meta name=\"twitter:card\" content=\"summary_large_image\" \/>\n<script type=\"application\/ld+json\" class=\"yoast-schema-graph\">{\"@context\":\"https:\/\/schema.org\",\"@graph\":[{\"@type\":\"WebPage\",\"@id\":\"https:\/\/forteairolo.ch\/fr\/come-arrivare\/\",\"url\":\"https:\/\/forteairolo.ch\/fr\/come-arrivare\/\",\"name\":\"Acc\u00e8s - Forte Airolo\",\"isPartOf\":{\"@id\":\"https:\/\/forteairolo.ch\/#website\"},\"primaryImageOfPage\":{\"@id\":\"https:\/\/forteairolo.ch\/fr\/come-arrivare\/#primaryimage\"},\"image\":{\"@id\":\"https:\/\/forteairolo.ch\/fr\/come-arrivare\/#primaryimage\"},\"thumbnailUrl\":\"https:\/\/forteairolo.ch\/wp-content\/uploads\/2017\/10\/CARTINA_1zu1.jpg\",\"datePublished\":\"2017-10-20T14:11:20+00:00\",\"dateModified\":\"2018-01-30T16:57:54+00:00\",\"breadcrumb\":{\"@id\":\"https:\/\/forteairolo.ch\/fr\/come-arrivare\/#breadcrumb\"},\"inLanguage\":\"fr-FR\",\"potentialAction\":[{\"@type\":\"ReadAction\",\"target\":[\"https:\/\/forteairolo.ch\/fr\/come-arrivare\/\"]}]},{\"@type\":\"ImageObject\",\"inLanguage\":\"fr-FR\",\"@id\":\"https:\/\/forteairolo.ch\/fr\/come-arrivare\/#primaryimage\",\"url\":\"https:\/\/forteairolo.ch\/wp-content\/uploads\/2017\/10\/CARTINA_1zu1.jpg\",\"contentUrl\":\"https:\/\/forteairolo.ch\/wp-content\/uploads\/2017\/10\/CARTINA_1zu1.jpg\"},{\"@type\":\"BreadcrumbList\",\"@id\":\"https:\/\/forteairolo.ch\/fr\/come-arrivare\/#breadcrumb\",\"itemListElement\":[{\"@type\":\"ListItem\",\"position\":1,\"name\":\"Home\",\"item\":\"https:\/\/forteairolo.ch\/fr\/\"},{\"@type\":\"ListItem\",\"position\":2,\"name\":\"Acc\u00e8s\"}]},{\"@type\":\"WebSite\",\"@id\":\"https:\/\/forteairolo.ch\/#website\",\"url\":\"https:\/\/forteairolo.ch\/\",\"name\":\"Forte Airolo\",\"description\":\"\",\"potentialAction\":[{\"@type\":\"SearchAction\",\"target\":{\"@type\":\"EntryPoint\",\"urlTemplate\":\"https:\/\/forteairolo.ch\/?s={search_term_string}\"},\"query-input\":{\"@type\":\"PropertyValueSpecification\",\"valueRequired\":true,\"valueName\":\"search_term_string\"}}],\"inLanguage\":\"fr-FR\"}]}<\/script>\n<!-- \/ Yoast SEO plugin. -->","yoast_head_json":{"title":"Acc\u00e8s - Forte Airolo","robots":{"index":"index","follow":"follow","max-snippet":"max-snippet:-1","max-image-preview":"max-image-preview:large","max-video-preview":"max-video-preview:-1"},"canonical":"https:\/\/forteairolo.ch\/fr\/come-arrivare\/","og_locale":"fr_FR","og_type":"article","og_title":"Acc\u00e8s - Forte Airolo","og_description":"Comment arriver au fort Le fort d\u2019Airolo se trouve sur la place d\u2019arme d\u2019Airolo \u00e0 5 minutes en voiture depuis la gare [&hellip;]","og_url":"https:\/\/forteairolo.ch\/fr\/come-arrivare\/","og_site_name":"Forte Airolo","article_modified_time":"2018-01-30T16:57:54+00:00","og_image":[{"width":1000,"height":579,"url":"https:\/\/forteairolo.ch\/wp-content\/uploads\/2017\/10\/CARTINA_1zu1.jpg","type":"image\/jpeg"}],"twitter_card":"summary_large_image","schema":{"@context":"https:\/\/schema.org","@graph":[{"@type":"WebPage","@id":"https:\/\/forteairolo.ch\/fr\/come-arrivare\/","url":"https:\/\/forteairolo.ch\/fr\/come-arrivare\/","name":"Acc\u00e8s - Forte Airolo","isPartOf":{"@id":"https:\/\/forteairolo.ch\/#website"},"primaryImageOfPage":{"@id":"https:\/\/forteairolo.ch\/fr\/come-arrivare\/#primaryimage"},"image":{"@id":"https:\/\/forteairolo.ch\/fr\/come-arrivare\/#primaryimage"},"thumbnailUrl":"https:\/\/forteairolo.ch\/wp-content\/uploads\/2017\/10\/CARTINA_1zu1.jpg","datePublished":"2017-10-20T14:11:20+00:00","dateModified":"2018-01-30T16:57:54+00:00","breadcrumb":{"@id":"https:\/\/forteairolo.ch\/fr\/come-arrivare\/#breadcrumb"},"inLanguage":"fr-FR","potentialAction":[{"@type":"ReadAction","target":["https:\/\/forteairolo.ch\/fr\/come-arrivare\/"]}]},{"@type":"ImageObject","inLanguage":"fr-FR","@id":"https:\/\/forteairolo.ch\/fr\/come-arrivare\/#primaryimage","url":"https:\/\/forteairolo.ch\/wp-content\/uploads\/2017\/10\/CARTINA_1zu1.jpg","contentUrl":"https:\/\/forteairolo.ch\/wp-content\/uploads\/2017\/10\/CARTINA_1zu1.jpg"},{"@type":"BreadcrumbList","@id":"https:\/\/forteairolo.ch\/fr\/come-arrivare\/#breadcrumb","itemListElement":[{"@type":"ListItem","position":1,"name":"Home","item":"https:\/\/forteairolo.ch\/fr\/"},{"@type":"ListItem","position":2,"name":"Acc\u00e8s"}]},{"@type":"WebSite","@id":"https:\/\/forteairolo.ch\/#website","url":"https:\/\/forteairolo.ch\/","name":"Forte Airolo","description":"","potentialAction":[{"@type":"SearchAction","target":{"@type":"EntryPoint","urlTemplate":"https:\/\/forteairolo.ch\/?s={search_term_string}"},"query-input":{"@type":"PropertyValueSpecification","valueRequired":true,"valueName":"search_term_string"}}],"inLanguage":"fr-FR"}]}},"_links":{"self":[{"href":"https:\/\/forteairolo.ch\/fr\/wp-json\/wp\/v2\/pages\/808","targetHints":{"allow":["GET"]}}],"collection":[{"href":"https:\/\/forteairolo.ch\/fr\/wp-json\/wp\/v2\/pages"}],"about":[{"href":"https:\/\/forteairolo.ch\/fr\/wp-json\/wp\/v2\/types\/page"}],"author":[{"embeddable":true,"href":"https:\/\/forteairolo.ch\/fr\/wp-json\/wp\/v2\/users\/1"}],"replies":[{"embeddable":true,"href":"https:\/\/forteairolo.ch\/fr\/wp-json\/wp\/v2\/comments?post=808"}],"version-history":[{"count":2,"href":"https:\/\/forteairolo.ch\/fr\/wp-json\/wp\/v2\/pages\/808\/revisions"}],"predecessor-version":[{"id":813,"href":"https:\/\/forteairolo.ch\/fr\/wp-json\/wp\/v2\/pages\/808\/revisions\/813"}],"wp:attachment":[{"href":"https:\/\/forteairolo.ch\/fr\/wp-json\/wp\/v2\/media?parent=808"}],"curies":[{"name":"wp","href":"https:\/\/api.w.org\/{rel}","templated":true}]}}